{"id":1126,"date":"2016-09-30T22:40:42","date_gmt":"2016-09-30T22:40:42","guid":{"rendered":"http:\/\/rycenergy.com\/?page_id=1126"},"modified":"2017-03-02T19:32:19","modified_gmt":"2017-03-02T19:32:19","slug":"sistemas-contra-incendios","status":"publish","type":"page","link":"https:\/\/rycenergy.com\/?page_id=1126","title":{"rendered":"SISTEMAS CONTRA INCENDIOS"},"content":{"rendered":"<h5 class=\"font_8\" style=\"text-align: justify;\">\u00a0<a href=\"http:\/\/rycenergy.com\/wp-content\/uploads\/2016\/09\/Contraincendio.jpg\"><img loading=\"lazy\" decoding=\"async\" class=\"size-medium wp-image-1325 aligncenter\" src=\"http:\/\/rycenergy.com\/wp-content\/uploads\/2016\/09\/Contraincendio-300x300.jpg\" alt=\"\" width=\"300\" height=\"300\" srcset=\"https:\/\/rycenergy.com\/wp-content\/uploads\/2016\/09\/Contraincendio-300x300.jpg 300w, https:\/\/rycenergy.com\/wp-content\/uploads\/2016\/09\/Contraincendio-150x150.jpg 150w, https:\/\/rycenergy.com\/wp-content\/uploads\/2016\/09\/Contraincendio-480x480.jpg 480w, https:\/\/rycenergy.com\/wp-content\/uploads\/2016\/09\/Contraincendio-320x320.jpg 320w, https:\/\/rycenergy.com\/wp-content\/uploads\/2016\/09\/Contraincendio-240x240.jpg 240w, https:\/\/rycenergy.com\/wp-content\/uploads\/2016\/09\/Contraincendio.jpg 500w\" sizes=\"auto, (max-width: 300px) 100vw, 300px\" \/><\/a><\/h5>\n<h5 class=\"font_8\" style=\"text-align: justify;\"><\/h5>\n<h5 class=\"font_8\" style=\"text-align: justify;\">El \u00e9xito de un sistema contra incendios se inicia con una detecci\u00f3n inteligente a tiempo y basada en tecnolog\u00eda de \u00faltima generaci\u00f3n,\u00a0contamos con un completo portafolio de productos de sistemas de detecci\u00f3n de incendio seg\u00fan el tipo de riesgo y aplicaci\u00f3n a proteger, una buena integraci\u00f3n entre los sistemas de detecci\u00f3n, alarma de incendio y los sistemas de extinci\u00f3n, son claves para identificar en el momento justo para proceder a su extinci\u00f3n y minimizar los da\u00f1os.<\/h5>\n","protected":false},"excerpt":{"rendered":"<p>\u00a0 El \u00e9xito de un sistema contra incendios se inicia con una detecci\u00f3n inteligente a tiempo y basada en tecnolog\u00eda de \u00faltima generaci\u00f3n,\u00a0contamos con un completo portafolio de productos de sistemas de detecci\u00f3n de incendio seg\u00fan el tipo de riesgo y aplicaci\u00f3n a proteger, una buena integraci\u00f3n entre los sistemas de detecci\u00f3n, alarma de incendio<\/p>\n<p><a href=\"https:\/\/rycenergy.com\/?page_id=1126\" class=\"more-link themebutton\">Leer m\u00e1s<\/a><\/p>\n","protected":false},"author":1,"featured_media":0,"parent":0,"menu_order":0,"comment_status":"closed","ping_status":"closed","template":"","meta":{"footnotes":""},"class_list":["post-1126","page","type-page","status-publish","hentry"],"_links":{"self":[{"href":"https:\/\/rycenergy.com\/index.php?rest_route=\/wp\/v2\/pages\/1126","targetHints":{"allow":["GET"]}}],"collection":[{"href":"https:\/\/rycenergy.com\/index.php?rest_route=\/wp\/v2\/pages"}],"about":[{"href":"https:\/\/rycenergy.com\/index.php?rest_route=\/wp\/v2\/types\/page"}],"author":[{"embeddable":true,"href":"https:\/\/rycenergy.com\/index.php?rest_route=\/wp\/v2\/users\/1"}],"replies":[{"embeddable":true,"href":"https:\/\/rycenergy.com\/index.php?rest_route=%2Fwp%2Fv2%2Fcomments&post=1126"}],"version-history":[{"count":4,"href":"https:\/\/rycenergy.com\/index.php?rest_route=\/wp\/v2\/pages\/1126\/revisions"}],"predecessor-version":[{"id":1327,"href":"https:\/\/rycenergy.com\/index.php?rest_route=\/wp\/v2\/pages\/1126\/revisions\/1327"}],"wp:attachment":[{"href":"https:\/\/rycenergy.com\/index.php?rest_route=%2Fwp%2Fv2%2Fmedia&parent=1126"}],"curies":[{"name":"wp","href":"https:\/\/api.w.org\/{rel}","templated":true}]}}