{"id":1130,"date":"2016-09-30T22:49:03","date_gmt":"2016-09-30T22:49:03","guid":{"rendered":"http:\/\/rycenergy.com\/?page_id=1130"},"modified":"2017-03-02T20:19:43","modified_gmt":"2017-03-02T20:19:43","slug":"bombas-contra-incendios","status":"publish","type":"page","link":"https:\/\/rycenergy.com\/?page_id=1130","title":{"rendered":"Bombas Contra Incendios"},"content":{"rendered":"<p>&nbsp;<\/p>\n<h5><a href=\"http:\/\/rycenergy.com\/wp-content\/uploads\/2016\/09\/quipos-contra-incendios.jpg\"><img loading=\"lazy\" decoding=\"async\" class=\"wp-image-1344 aligncenter\" src=\"http:\/\/rycenergy.com\/wp-content\/uploads\/2016\/09\/quipos-contra-incendios-300x174.jpg\" alt=\"\" width=\"502\" height=\"291\" srcset=\"https:\/\/rycenergy.com\/wp-content\/uploads\/2016\/09\/quipos-contra-incendios-300x174.jpg 300w, https:\/\/rycenergy.com\/wp-content\/uploads\/2016\/09\/quipos-contra-incendios.jpg 620w\" sizes=\"auto, (max-width: 502px) 100vw, 502px\" \/><\/a><\/h5>\n<h5>Trabajamos con las mejores marcas nacionales, importadas y certificadas UL\/FM.<\/h5>\n<table style=\"width: 782.017px;\" border=\"0\" cellspacing=\"0\" cellpadding=\"0\">\n<tbody>\n<tr>\n<td style=\"width: 5px;\"><span style=\"font-size: 14pt;\"><img loading=\"lazy\" decoding=\"async\" src=\"http:\/\/www.mauriciocoronado.com\/images\/boullet.jpg\" width=\"10\" height=\"7\" border=\"0\" \/><\/span><\/td>\n<td style=\"width: 10px;\">\n<h5>Proyectos llave en mano a nivel nacional<\/h5>\n<\/td>\n<\/tr>\n<tr>\n<td style=\"width: 5px;\">\n<h5><img loading=\"lazy\" decoding=\"async\" src=\"http:\/\/www.mauriciocoronado.com\/images\/boullet.jpg\" alt=\"\" width=\"10\" height=\"7\" border=\"0\" \/><\/h5>\n<\/td>\n<td style=\"width: 10px;\">\n<h5>Instalaci\u00f3n de sistemas de bombeo 100% cuarto de bombas<\/h5>\n<\/td>\n<\/tr>\n<tr>\n<td style=\"width: 5px;\"><img loading=\"lazy\" decoding=\"async\" src=\"http:\/\/www.mauriciocoronado.com\/images\/boullet.jpg\" alt=\"\" width=\"10\" height=\"7\" border=\"0\" \/><\/td>\n<td style=\"width: 10px;\">\n<h5>Asesor\u00eda en selecci\u00f3n<\/h5>\n<\/td>\n<\/tr>\n<tr>\n<td style=\"width: 5px;\"><img loading=\"lazy\" decoding=\"async\" src=\"http:\/\/www.mauriciocoronado.com\/images\/boullet.jpg\" alt=\"\" width=\"10\" height=\"7\" border=\"0\" \/><\/td>\n<td style=\"width: 10px;\">\n<h5>Servicio t\u00e9cnico especializado<\/h5>\n<\/td>\n<\/tr>\n<tr>\n<td style=\"width: 5px;\"><img loading=\"lazy\" decoding=\"async\" src=\"http:\/\/www.mauriciocoronado.com\/images\/boullet.jpg\" alt=\"\" width=\"10\" height=\"7\" border=\"0\" \/><\/td>\n<td style=\"width: 10px;\">\n<h5>Renovacion de tableros de control UL\/FM<\/h5>\n<\/td>\n<\/tr>\n<tr>\n<td style=\"width: 5px;\"><img loading=\"lazy\" decoding=\"async\" src=\"http:\/\/www.mauriciocoronado.com\/images\/boullet.jpg\" alt=\"\" width=\"10\" height=\"7\" border=\"0\" \/><\/td>\n<td style=\"width: 10px;\">\n<h5>Renovacion de equipos de presi\u00f3n contra incendio y eyectores<\/h5>\n<\/td>\n<\/tr>\n<tr>\n<td style=\"width: 5px;\"><img loading=\"lazy\" decoding=\"async\" src=\"http:\/\/www.mauriciocoronado.com\/images\/boullet.jpg\" alt=\"\" width=\"10\" height=\"7\" border=\"0\" \/><\/td>\n<td style=\"width: 10px;\">\n<h5>Mantenimiento preventivo y correctivo<\/h5>\n<\/td>\n<\/tr>\n<tr>\n<td style=\"width: 5px;\"><img loading=\"lazy\" decoding=\"async\" src=\"http:\/\/www.mauriciocoronado.com\/images\/boullet.jpg\" alt=\"\" width=\"10\" height=\"7\" border=\"0\" \/><\/td>\n<td style=\"width: 10px;\">\n<h5>Contratos de mantenimiento<\/h5>\n<\/td>\n<\/tr>\n<tr>\n<td style=\"width: 5px;\"><img loading=\"lazy\" decoding=\"async\" src=\"http:\/\/www.mauriciocoronado.com\/images\/boullet.jpg\" alt=\"\" width=\"10\" height=\"7\" border=\"0\" \/><\/td>\n<td style=\"width: 10px;\">\n<h5>Mantenimiento de bombas industriales de cualquier marca<\/h5>\n<\/td>\n<\/tr>\n<tr>\n<td style=\"width: 5px;\" valign=\"baseline\"><img loading=\"lazy\" decoding=\"async\" src=\"http:\/\/www.mauriciocoronado.com\/images\/boullet.jpg\" alt=\"\" width=\"10\" height=\"7\" border=\"0\" \/><\/td>\n<td style=\"width: 10px;\" valign=\"baseline\">\n<h5>Lavado y desinfecci\u00f3n de tanques de reserva de agua potable, incluyendo calibraci\u00f3n de equipos de bombeo.<\/h5>\n<\/td>\n<\/tr>\n<\/tbody>\n<\/table>\n","protected":false},"excerpt":{"rendered":"<p>&nbsp; Trabajamos con las mejores marcas nacionales, importadas y certificadas UL\/FM. Proyectos llave en mano a nivel nacional Instalaci\u00f3n de sistemas de bombeo 100% cuarto de bombas Asesor\u00eda en selecci\u00f3n Servicio t\u00e9cnico especializado Renovacion de tableros de control UL\/FM Renovacion de equipos de presi\u00f3n contra incendio y eyectores Mantenimiento preventivo y correctivo Contratos de mantenimiento<\/p>\n<p><a href=\"https:\/\/rycenergy.com\/?page_id=1130\" class=\"more-link themebutton\">Leer m\u00e1s<\/a><\/p>\n","protected":false},"author":1,"featured_media":0,"parent":0,"menu_order":0,"comment_status":"closed","ping_status":"closed","template":"","meta":{"footnotes":""},"class_list":["post-1130","page","type-page","status-publish","hentry"],"_links":{"self":[{"href":"https:\/\/rycenergy.com\/index.php?rest_route=\/wp\/v2\/pages\/1130","targetHints":{"allow":["GET"]}}],"collection":[{"href":"https:\/\/rycenergy.com\/index.php?rest_route=\/wp\/v2\/pages"}],"about":[{"href":"https:\/\/rycenergy.com\/index.php?rest_route=\/wp\/v2\/types\/page"}],"author":[{"embeddable":true,"href":"https:\/\/rycenergy.com\/index.php?rest_route=\/wp\/v2\/users\/1"}],"replies":[{"embeddable":true,"href":"https:\/\/rycenergy.com\/index.php?rest_route=%2Fwp%2Fv2%2Fcomments&post=1130"}],"version-history":[{"count":9,"href":"https:\/\/rycenergy.com\/index.php?rest_route=\/wp\/v2\/pages\/1130\/revisions"}],"predecessor-version":[{"id":1345,"href":"https:\/\/rycenergy.com\/index.php?rest_route=\/wp\/v2\/pages\/1130\/revisions\/1345"}],"wp:attachment":[{"href":"https:\/\/rycenergy.com\/index.php?rest_route=%2Fwp%2Fv2%2Fmedia&parent=1130"}],"curies":[{"name":"wp","href":"https:\/\/api.w.org\/{rel}","templated":true}]}}