{"id":1133,"date":"2016-09-30T22:58:43","date_gmt":"2016-09-30T22:58:43","guid":{"rendered":"http:\/\/rycenergy.com\/?page_id=1133"},"modified":"2017-03-02T19:38:46","modified_gmt":"2017-03-02T19:38:46","slug":"sistemas-de-bombeo-presion","status":"publish","type":"page","link":"https:\/\/rycenergy.com\/?page_id=1133","title":{"rendered":"Sistemas de Bombeo (Presi\u00f3n)"},"content":{"rendered":"<p>&nbsp;<\/p>\n<h5 style=\"text-align: justify;\"><a href=\"http:\/\/rycenergy.com\/wp-content\/uploads\/2016\/09\/sistemas_de_bombeo.png\"><img loading=\"lazy\" decoding=\"async\" class=\" wp-image-1279 aligncenter\" src=\"http:\/\/rycenergy.com\/wp-content\/uploads\/2016\/09\/sistemas_de_bombeo-300x160.png\" alt=\"\" width=\"503\" height=\"268\" srcset=\"https:\/\/rycenergy.com\/wp-content\/uploads\/2016\/09\/sistemas_de_bombeo-300x160.png 300w, https:\/\/rycenergy.com\/wp-content\/uploads\/2016\/09\/sistemas_de_bombeo-768x408.png 768w, https:\/\/rycenergy.com\/wp-content\/uploads\/2016\/09\/sistemas_de_bombeo-1024x545.png 1024w, https:\/\/rycenergy.com\/wp-content\/uploads\/2016\/09\/sistemas_de_bombeo.png 1260w\" sizes=\"auto, (max-width: 503px) 100vw, 503px\" \/><\/a><\/h5>\n<h5 style=\"text-align: justify;\">Los COMBIPRESS son grupos de presi\u00f3n con dos electrobombas ensambladas en una completa unidad lista para ser instalada. Los grupos son predispuestos en modo tal que a cada incremento de demanda de parte del usuario, se encienden autom\u00e1ticamente uno o las bombas sucesivas. Esto permite sobre todo de reducir notablemente el consumo el\u00e9ctrico debido a que entran en funcionamiento s\u00f3lo las bombas necesarias para satisfacer la necesidad de agua.<br \/>\nEl circuito electr\u00f3nico que est\u00e1 en el cuadro el\u00e9ctrico alterna el funcionamiento de las bombas.<\/h5>\n<h5 class=\"product-feature\"><strong> Tipo: <\/strong> agua limpia<\/h5>\n<h5 class=\"product-feature\"><strong> Aplicaciones:<\/strong> dom\u00e9stico, civil, industrial, agricultura<\/h5>\n<h5 class=\"product-feature\"><strong> Usos:<\/strong> abastecimiento de agua, sistemas de lavado, sistemas de presi\u00f3n, irrigaci\u00f3n<\/h5>\n<h5 class=\"product-feature\"><strong> Tipolog\u00eda:<\/strong> superficie<\/h5>\n<h5 class=\"product-feature\"><strong> Familia: <\/strong> combipress cb2<\/h5>\n<h5 class=\"product-feature\"><strong> Campo de prestaciones:<\/strong><\/h5>\n<ul class=\"feature-list\">\n<li>\n<h5><span class=\"feature-description\"> Altura manom\u00e9trica hasta\u00a0112 m <\/span><\/h5>\n<\/li>\n<\/ul>\n","protected":false},"excerpt":{"rendered":"<p>&nbsp; Los COMBIPRESS son grupos de presi\u00f3n con dos electrobombas ensambladas en una completa unidad lista para ser instalada. Los grupos son predispuestos en modo tal que a cada incremento de demanda de parte del usuario, se encienden autom\u00e1ticamente uno o las bombas sucesivas. Esto permite sobre todo de reducir notablemente el consumo el\u00e9ctrico debido<\/p>\n<p><a href=\"https:\/\/rycenergy.com\/?page_id=1133\" class=\"more-link themebutton\">Leer m\u00e1s<\/a><\/p>\n","protected":false},"author":1,"featured_media":0,"parent":0,"menu_order":0,"comment_status":"closed","ping_status":"closed","template":"","meta":{"footnotes":""},"class_list":["post-1133","page","type-page","status-publish","hentry"],"_links":{"self":[{"href":"https:\/\/rycenergy.com\/index.php?rest_route=\/wp\/v2\/pages\/1133","targetHints":{"allow":["GET"]}}],"collection":[{"href":"https:\/\/rycenergy.com\/index.php?rest_route=\/wp\/v2\/pages"}],"about":[{"href":"https:\/\/rycenergy.com\/index.php?rest_route=\/wp\/v2\/types\/page"}],"author":[{"embeddable":true,"href":"https:\/\/rycenergy.com\/index.php?rest_route=\/wp\/v2\/users\/1"}],"replies":[{"embeddable":true,"href":"https:\/\/rycenergy.com\/index.php?rest_route=%2Fwp%2Fv2%2Fcomments&post=1133"}],"version-history":[{"count":4,"href":"https:\/\/rycenergy.com\/index.php?rest_route=\/wp\/v2\/pages\/1133\/revisions"}],"predecessor-version":[{"id":1331,"href":"https:\/\/rycenergy.com\/index.php?rest_route=\/wp\/v2\/pages\/1133\/revisions\/1331"}],"wp:attachment":[{"href":"https:\/\/rycenergy.com\/index.php?rest_route=%2Fwp%2Fv2%2Fmedia&parent=1133"}],"curies":[{"name":"wp","href":"https:\/\/api.w.org\/{rel}","templated":true}]}}