{"id":1141,"date":"2016-09-30T23:04:16","date_gmt":"2016-09-30T23:04:16","guid":{"rendered":"http:\/\/rycenergy.com\/?page_id=1141"},"modified":"2017-03-02T20:10:57","modified_gmt":"2017-03-02T20:10:57","slug":"deteccion-y-controlde-incendios","status":"publish","type":"page","link":"https:\/\/rycenergy.com\/?page_id=1141","title":{"rendered":"Detecci\u00f3n y Control de Incendios"},"content":{"rendered":"<p>&nbsp;<\/p>\n<p><a href=\"http:\/\/rycenergy.com\/wp-content\/uploads\/2016\/09\/deteccion_de_incendios.png\"><img loading=\"lazy\" decoding=\"async\" class=\" wp-image-1342 aligncenter\" src=\"http:\/\/rycenergy.com\/wp-content\/uploads\/2016\/09\/deteccion_de_incendios-300x206.png\" alt=\"\" width=\"469\" height=\"322\" srcset=\"https:\/\/rycenergy.com\/wp-content\/uploads\/2016\/09\/deteccion_de_incendios-300x206.png 300w, https:\/\/rycenergy.com\/wp-content\/uploads\/2016\/09\/deteccion_de_incendios.png 680w\" sizes=\"auto, (max-width: 469px) 100vw, 469px\" \/><\/a><\/p>\n<div id=\"content\" class=\"ctc s-classic\">\n<div class=\"ctc s-left\">\n<div class=\"s-wide c-article\">\n<div class=\"hgroup\">\n<hgroup>\n<h5><\/h5>\n<h5>Cerberus PRO &#8211; productos<\/h5>\n<\/hgroup>\n<\/div>\n<div class=\"overview\">\n<nav>\n<h5>Panor\u00e1mica general de productos<\/h5>\n<ul class=\"toc\">\n<li>\n<h5>Central de detecci\u00f3n de incendios compacta<\/h5>\n<\/li>\n<li>\n<h5>FS720 Centrales de detecci\u00f3n de incendios y terminales en red: CWEB<\/h5>\n<\/li>\n<li>\n<h5>Central de control de incendios Convencional<\/h5>\n<\/li>\n<li>\n<h5>Centrales de extinci\u00f3n XC10 (EN120941)<\/h5>\n<\/li>\n<li>\n<h5>Perif\u00e9ricos CNET<\/h5>\n<\/li>\n<li>\n<h5>Indicadores de acci\u00f3n<\/h5>\n<\/li>\n<li>\n<h5>Detecci\u00f3n convencional l\u00ednea Synova SynoLINE300<\/h5>\n<\/li>\n<li>\n<h5>Detecci\u00f3n convencional L\u00ednea Colectiva SynoLINE600<\/h5>\n<\/li>\n<li>\n<h5>Equipos de alarma convencionales<\/h5>\n<\/li>\n<li>\n<h5>Aplicaciones especiales<\/h5>\n<\/li>\n<li>\n<h5>Equipos especiales<\/h5>\n<\/li>\n<li>\n<h5>Bater\u00edas<\/h5>\n<\/li>\n<\/ul>\n<\/nav>\n<\/div>\n<\/div>\n<\/div>\n<\/div>\n<p>&nbsp;<\/p>\n","protected":false},"excerpt":{"rendered":"<p>&nbsp; Cerberus PRO &#8211; productos Panor\u00e1mica general de productos Central de detecci\u00f3n de incendios compacta FS720 Centrales de detecci\u00f3n de incendios y terminales en red: CWEB Central de control de incendios Convencional Centrales de extinci\u00f3n XC10 (EN120941) Perif\u00e9ricos CNET Indicadores de acci\u00f3n Detecci\u00f3n convencional l\u00ednea Synova SynoLINE300 Detecci\u00f3n convencional L\u00ednea Colectiva SynoLINE600 Equipos de alarma<\/p>\n<p><a href=\"https:\/\/rycenergy.com\/?page_id=1141\" class=\"more-link themebutton\">Leer m\u00e1s<\/a><\/p>\n","protected":false},"author":1,"featured_media":0,"parent":0,"menu_order":0,"comment_status":"closed","ping_status":"closed","template":"","meta":{"footnotes":""},"class_list":["post-1141","page","type-page","status-publish","hentry"],"_links":{"self":[{"href":"https:\/\/rycenergy.com\/index.php?rest_route=\/wp\/v2\/pages\/1141","targetHints":{"allow":["GET"]}}],"collection":[{"href":"https:\/\/rycenergy.com\/index.php?rest_route=\/wp\/v2\/pages"}],"about":[{"href":"https:\/\/rycenergy.com\/index.php?rest_route=\/wp\/v2\/types\/page"}],"author":[{"embeddable":true,"href":"https:\/\/rycenergy.com\/index.php?rest_route=\/wp\/v2\/users\/1"}],"replies":[{"embeddable":true,"href":"https:\/\/rycenergy.com\/index.php?rest_route=%2Fwp%2Fv2%2Fcomments&post=1141"}],"version-history":[{"count":6,"href":"https:\/\/rycenergy.com\/index.php?rest_route=\/wp\/v2\/pages\/1141\/revisions"}],"predecessor-version":[{"id":1343,"href":"https:\/\/rycenergy.com\/index.php?rest_route=\/wp\/v2\/pages\/1141\/revisions\/1343"}],"wp:attachment":[{"href":"https:\/\/rycenergy.com\/index.php?rest_route=%2Fwp%2Fv2%2Fmedia&parent=1141"}],"curies":[{"name":"wp","href":"https:\/\/api.w.org\/{rel}","templated":true}]}}