{"id":147,"date":"2015-01-30T02:16:37","date_gmt":"2015-01-30T02:16:37","guid":{"rendered":"http:\/\/rycenergy.com\/?page_id=147"},"modified":"2017-03-02T20:23:15","modified_gmt":"2017-03-02T20:23:15","slug":"consultoria","status":"publish","type":"page","link":"https:\/\/rycenergy.com\/?page_id=147","title":{"rendered":"CONSULTORIA &#8211; ASESORIA"},"content":{"rendered":"<h5 style=\"text-align: justify;\"><a href=\"http:\/\/rycenergy.com\/wp-content\/uploads\/2017\/02\/CONSULTORIA-240x160.jpg\"><img loading=\"lazy\" decoding=\"async\" class=\" wp-image-1242 aligncenter\" src=\"http:\/\/rycenergy.com\/wp-content\/uploads\/2017\/02\/CONSULTORIA-240x160.jpg\" alt=\"\" width=\"335\" height=\"223\" \/><\/a><\/h5>\n<h5 style=\"text-align: justify;\">Asesoramiento en ingenier\u00eda el\u00e9ctrica especializada al desarrollo de sus proyectos de Construcci\u00f3n. Servicio que se prestara de forma profesional y t\u00e9cnica cubriendo los diferentes procesos (etapas) de Proyectos: Inicio, Planeaci\u00f3n, Ejecuci\u00f3n, Seguimiento\/control y Cierre. Asegurando as\u00ed el cumplimiento y el \u00e9xito de los mismos. Mediante el uso de herramientas e implementaci\u00f3n de las diferentes \u00e1reas de conocimiento seg\u00fan el PMBOK\u00ae, permitir\u00e1n una mejor integraci\u00f3n entre las diferentes \u00e1reas y el cumplimiento del alcance, tiempos, costos, calidad, legalidad, entre otros.<\/h5>\n<p>&nbsp;<\/p>\n<h4><strong>ALCANCE<\/strong><\/h4>\n<p>&nbsp;<\/p>\n<ul style=\"list-style-type: square;\">\n<li>\n<h5>Identificar necesidades, proponer soluciones, analizar y seleccionar las Alternativas que re\u00fanan las mejores condiciones Costo, Beneficio e integraci\u00f3n con el proyecto.<\/h5>\n<\/li>\n<li>\n<h5>Ayudar a evaluar y formular proyectos y a su vez filtrar T\u00e9cnicamente una Propuesta o Proyecto de Inversi\u00f3n.<\/h5>\n<\/li>\n<li>\n<h5>Presentar Asistencia T\u00e9cnica en la Gesti\u00f3n de Proyectos, su Evaluaci\u00f3n y Control una vez est\u00e9n en ejecuci\u00f3n. Optimizaci\u00f3n de recursos.<\/h5>\n<\/li>\n<li>\n<h5>Realizar Evaluaciones preliminares de Riesgos de Inversi\u00f3n, de tal modo que se permita la toma de decisiones acertadas de vista al futuro.<\/h5>\n<\/li>\n<li>\n<h5>Acompa\u00f1amiento en la Formulaci\u00f3n, Evaluaci\u00f3n y Gestaci\u00f3n de Proyectos bajo situaciones complejas y de alta Competitividad.<\/h5>\n<\/li>\n<li>\n<h5>En lo posible se seguir\u00e1 la metodolog\u00eda de PMI (Project Management Institute) como base para la evaluaci\u00f3n y gerencia de proyectos.<\/h5>\n<\/li>\n<\/ul>\n","protected":false},"excerpt":{"rendered":"<p>Asesoramiento en ingenier\u00eda el\u00e9ctrica especializada al desarrollo de sus proyectos de Construcci\u00f3n. Servicio que se prestara de forma profesional y t\u00e9cnica cubriendo los diferentes procesos (etapas) de Proyectos: Inicio, Planeaci\u00f3n, Ejecuci\u00f3n, Seguimiento\/control y Cierre. Asegurando as\u00ed el cumplimiento y el \u00e9xito de los mismos. Mediante el uso de herramientas e implementaci\u00f3n de las diferentes \u00e1reas<\/p>\n<p><a href=\"https:\/\/rycenergy.com\/?page_id=147\" class=\"more-link themebutton\">Leer m\u00e1s<\/a><\/p>\n","protected":false},"author":1,"featured_media":0,"parent":0,"menu_order":0,"comment_status":"closed","ping_status":"closed","template":"","meta":{"footnotes":""},"class_list":["post-147","page","type-page","status-publish","hentry"],"_links":{"self":[{"href":"https:\/\/rycenergy.com\/index.php?rest_route=\/wp\/v2\/pages\/147","targetHints":{"allow":["GET"]}}],"collection":[{"href":"https:\/\/rycenergy.com\/index.php?rest_route=\/wp\/v2\/pages"}],"about":[{"href":"https:\/\/rycenergy.com\/index.php?rest_route=\/wp\/v2\/types\/page"}],"author":[{"embeddable":true,"href":"https:\/\/rycenergy.com\/index.php?rest_route=\/wp\/v2\/users\/1"}],"replies":[{"embeddable":true,"href":"https:\/\/rycenergy.com\/index.php?rest_route=%2Fwp%2Fv2%2Fcomments&post=147"}],"version-history":[{"count":11,"href":"https:\/\/rycenergy.com\/index.php?rest_route=\/wp\/v2\/pages\/147\/revisions"}],"predecessor-version":[{"id":1347,"href":"https:\/\/rycenergy.com\/index.php?rest_route=\/wp\/v2\/pages\/147\/revisions\/1347"}],"wp:attachment":[{"href":"https:\/\/rycenergy.com\/index.php?rest_route=%2Fwp%2Fv2%2Fmedia&parent=147"}],"curies":[{"name":"wp","href":"https:\/\/api.w.org\/{rel}","templated":true}]}}