{"id":149,"date":"2015-01-30T02:16:51","date_gmt":"2015-01-30T02:16:51","guid":{"rendered":"http:\/\/rycenergy.com\/?page_id=149"},"modified":"2017-03-02T20:28:45","modified_gmt":"2017-03-02T20:28:45","slug":"ingenieria","status":"publish","type":"page","link":"https:\/\/rycenergy.com\/?page_id=149","title":{"rendered":"INGENIERIA"},"content":{"rendered":"<h5>\u00a0<a href=\"http:\/\/rycenergy.com\/wp-content\/uploads\/2015\/01\/subestacion-720-240x240.jpg\"><img loading=\"lazy\" decoding=\"async\" class=\" wp-image-1240 aligncenter\" src=\"http:\/\/rycenergy.com\/wp-content\/uploads\/2015\/01\/subestacion-720-240x240.jpg\" alt=\"\" width=\"282\" height=\"282\" srcset=\"https:\/\/rycenergy.com\/wp-content\/uploads\/2015\/01\/subestacion-720-240x240.jpg 240w, https:\/\/rycenergy.com\/wp-content\/uploads\/2015\/01\/subestacion-720-240x240-150x150.jpg 150w\" sizes=\"auto, (max-width: 282px) 100vw, 282px\" \/><\/a><\/h5>\n<h5><\/h5>\n<h5 style=\"text-align: justify;\">conocimientos te\u00f3ricos y pr\u00e1cticos que le permitan concebir iniciativas y plantear pol\u00edticas para planear la expansi\u00f3n y operaci\u00f3n de sistemas de potencia, en lo relacionado con la generaci\u00f3n, transmisi\u00f3n, distribuci\u00f3n, comercializaci\u00f3n y control y promover el estudio de los recursos energ\u00e9ticos renovables y no renovables, su aplicaci\u00f3n y uso eficiente, teniendo en cuenta los aspectos econ\u00f3micos, sociales, ambientales y reglamentarios.<\/h5>\n<h4><strong>AREAS<\/strong><\/h4>\n<ul class=\"checklist\">\n<li>\n<h4>Sistemas de potencia<\/h4>\n<\/li>\n<li>\n<h4>Recursos energ\u00e9ticos<\/h4>\n<\/li>\n<li>\n<h4>Control y automatizaci\u00f3n industrial<\/h4>\n<\/li>\n<li>\n<h4>Instalaciones industriales<\/h4>\n<\/li>\n<\/ul>\n","protected":false},"excerpt":{"rendered":"<p>\u00a0 conocimientos te\u00f3ricos y pr\u00e1cticos que le permitan concebir iniciativas y plantear pol\u00edticas para planear la expansi\u00f3n y operaci\u00f3n de sistemas de potencia, en lo relacionado con la generaci\u00f3n, transmisi\u00f3n, distribuci\u00f3n, comercializaci\u00f3n y control y promover el estudio de los recursos energ\u00e9ticos renovables y no renovables, su aplicaci\u00f3n y uso eficiente, teniendo en cuenta los<\/p>\n<p><a href=\"https:\/\/rycenergy.com\/?page_id=149\" class=\"more-link themebutton\">Leer m\u00e1s<\/a><\/p>\n","protected":false},"author":1,"featured_media":0,"parent":0,"menu_order":0,"comment_status":"closed","ping_status":"closed","template":"","meta":{"footnotes":""},"class_list":["post-149","page","type-page","status-publish","hentry"],"_links":{"self":[{"href":"https:\/\/rycenergy.com\/index.php?rest_route=\/wp\/v2\/pages\/149","targetHints":{"allow":["GET"]}}],"collection":[{"href":"https:\/\/rycenergy.com\/index.php?rest_route=\/wp\/v2\/pages"}],"about":[{"href":"https:\/\/rycenergy.com\/index.php?rest_route=\/wp\/v2\/types\/page"}],"author":[{"embeddable":true,"href":"https:\/\/rycenergy.com\/index.php?rest_route=\/wp\/v2\/users\/1"}],"replies":[{"embeddable":true,"href":"https:\/\/rycenergy.com\/index.php?rest_route=%2Fwp%2Fv2%2Fcomments&post=149"}],"version-history":[{"count":5,"href":"https:\/\/rycenergy.com\/index.php?rest_route=\/wp\/v2\/pages\/149\/revisions"}],"predecessor-version":[{"id":1247,"href":"https:\/\/rycenergy.com\/index.php?rest_route=\/wp\/v2\/pages\/149\/revisions\/1247"}],"wp:attachment":[{"href":"https:\/\/rycenergy.com\/index.php?rest_route=%2Fwp%2Fv2%2Fmedia&parent=149"}],"curies":[{"name":"wp","href":"https:\/\/api.w.org\/{rel}","templated":true}]}}