{"id":155,"date":"2015-01-30T02:17:46","date_gmt":"2015-01-30T02:17:46","guid":{"rendered":"http:\/\/rycenergy.com\/?page_id=155"},"modified":"2017-03-02T20:31:21","modified_gmt":"2017-03-02T20:31:21","slug":"comisionamiento","status":"publish","type":"page","link":"https:\/\/rycenergy.com\/?page_id=155","title":{"rendered":"ESTUDIOS TECNICOS"},"content":{"rendered":"<h4 style=\"text-align: center;\"><a href=\"http:\/\/rycenergy.com\/wp-content\/uploads\/2017\/02\/calidad_energia.jpg\"><img loading=\"lazy\" decoding=\"async\" class=\"alignnone wp-image-1244\" src=\"http:\/\/rycenergy.com\/wp-content\/uploads\/2017\/02\/calidad_energia-300x225.jpg\" alt=\"\" width=\"369\" height=\"277\" srcset=\"https:\/\/rycenergy.com\/wp-content\/uploads\/2017\/02\/calidad_energia-300x225.jpg 300w, https:\/\/rycenergy.com\/wp-content\/uploads\/2017\/02\/calidad_energia-768x576.jpg 768w, https:\/\/rycenergy.com\/wp-content\/uploads\/2017\/02\/calidad_energia-480x360.jpg 480w, https:\/\/rycenergy.com\/wp-content\/uploads\/2017\/02\/calidad_energia-320x240.jpg 320w, https:\/\/rycenergy.com\/wp-content\/uploads\/2017\/02\/calidad_energia-240x180.jpg 240w, https:\/\/rycenergy.com\/wp-content\/uploads\/2017\/02\/calidad_energia.jpg 800w\" sizes=\"auto, (max-width: 369px) 100vw, 369px\" \/><\/a><\/h4>\n<h4 style=\"text-align: center;\"><\/h4>\n<h4 style=\"text-align: center;\"><strong>OBJETIVOS<\/strong><\/h4>\n<h5 style=\"text-align: justify;\">Evaluar el estado general de los tableros e instalaciones el\u00e9ctricas \u00a0y del sistema de puesta a tierra mediante inspecci\u00f3n el\u00e9ctrica y su influencia en problemas de <strong>calidad de potencia<\/strong> con base en el RETIE, la NTC2050 y el Std. IEEE 1100-1999.Complementar el proceso de inspecci\u00f3n mediante medici\u00f3n de par\u00e1metros el\u00e9ctricos (Tensi\u00f3n, Corriente, Potencia, frecuencia, Transitorios, Arm\u00f3nicos) y medici\u00f3n de par\u00e1metros del Sistema de Puesta a Tierra (Resistencia y Continuidad) comparando registros con Std. IEEE 1159-1995 y Std. IEEE 519-1999<\/h5>\n<p>&nbsp;<\/p>\n<h4 style=\"text-align: center;\"><strong>\u00a0JUSTIFICACI\u00d3N<\/strong><\/h4>\n<h5 style=\"text-align: justify;\">Contar con una <strong>calidad de energ\u00eda<\/strong>\u00a0\u00a0 permitir\u00e1 minimizar las fallas de alimentaci\u00f3n el\u00e9ctrica aumentando la confiabilidad y optimizando la productividad de las empresas. Cuando se posee una infraestructura el\u00e9ctrica que garantice una adecuada calidad de la potencia se obtienen beneficios complementarios ya que se cuenta con instalaciones seguras que minimizan riesgos el\u00e9ctricos para personas y equipos.<\/h5>\n","protected":false},"excerpt":{"rendered":"<p>OBJETIVOS Evaluar el estado general de los tableros e instalaciones el\u00e9ctricas \u00a0y del sistema de puesta a tierra mediante inspecci\u00f3n el\u00e9ctrica y su influencia en problemas de calidad de potencia con base en el RETIE, la NTC2050 y el Std. IEEE 1100-1999.Complementar el proceso de inspecci\u00f3n mediante medici\u00f3n de par\u00e1metros el\u00e9ctricos (Tensi\u00f3n, Corriente, Potencia, frecuencia,<\/p>\n<p><a href=\"https:\/\/rycenergy.com\/?page_id=155\" class=\"more-link themebutton\">Leer m\u00e1s<\/a><\/p>\n","protected":false},"author":1,"featured_media":0,"parent":0,"menu_order":0,"comment_status":"closed","ping_status":"closed","template":"","meta":{"footnotes":""},"class_list":["post-155","page","type-page","status-publish","hentry"],"_links":{"self":[{"href":"https:\/\/rycenergy.com\/index.php?rest_route=\/wp\/v2\/pages\/155","targetHints":{"allow":["GET"]}}],"collection":[{"href":"https:\/\/rycenergy.com\/index.php?rest_route=\/wp\/v2\/pages"}],"about":[{"href":"https:\/\/rycenergy.com\/index.php?rest_route=\/wp\/v2\/types\/page"}],"author":[{"embeddable":true,"href":"https:\/\/rycenergy.com\/index.php?rest_route=\/wp\/v2\/users\/1"}],"replies":[{"embeddable":true,"href":"https:\/\/rycenergy.com\/index.php?rest_route=%2Fwp%2Fv2%2Fcomments&post=155"}],"version-history":[{"count":9,"href":"https:\/\/rycenergy.com\/index.php?rest_route=\/wp\/v2\/pages\/155\/revisions"}],"predecessor-version":[{"id":1250,"href":"https:\/\/rycenergy.com\/index.php?rest_route=\/wp\/v2\/pages\/155\/revisions\/1250"}],"wp:attachment":[{"href":"https:\/\/rycenergy.com\/index.php?rest_route=%2Fwp%2Fv2%2Fmedia&parent=155"}],"curies":[{"name":"wp","href":"https:\/\/api.w.org\/{rel}","templated":true}]}}