{"id":162,"date":"2015-01-30T02:20:31","date_gmt":"2015-01-30T02:20:31","guid":{"rendered":"http:\/\/rycenergy.com\/?page_id=162"},"modified":"2017-03-02T20:26:11","modified_gmt":"2017-03-02T20:26:11","slug":"diseno","status":"publish","type":"page","link":"https:\/\/rycenergy.com\/?page_id=162","title":{"rendered":"Dise\u00f1os"},"content":{"rendered":"<p><a href=\"http:\/\/rycenergy.com\/wp-content\/uploads\/2015\/01\/diseno_redes.jpg\"><img loading=\"lazy\" decoding=\"async\" class=\"wp-image-1221 aligncenter\" src=\"http:\/\/rycenergy.com\/wp-content\/uploads\/2015\/01\/diseno_redes-300x145.jpg\" alt=\"\" width=\"399\" height=\"193\" srcset=\"https:\/\/rycenergy.com\/wp-content\/uploads\/2015\/01\/diseno_redes-300x145.jpg 300w, https:\/\/rycenergy.com\/wp-content\/uploads\/2015\/01\/diseno_redes.jpg 620w\" sizes=\"auto, (max-width: 399px) 100vw, 399px\" \/><\/a><\/p>\n<p>&nbsp;<\/p>\n<h5 style=\"text-align: justify;\">El dise\u00f1o de Redes contiene preguntas b\u00e1sicas antes de que se proceda a su desarrollo con las cuales se identifica la meta y el alcance del PROYECTO. Algunas de ellas son \u00bfQu\u00e9 Tipo de Red?, \u00bfPara qu\u00e9 se utilizara la red?, \u00bfTipo de construcci\u00f3n?, \u00bfEquipos a utilizar? \u00bfbajo que normas? Entre otras, cuando ya se tengan todas las respuestas el proceso de dise\u00f1o ser\u00e1 muchos m\u00e1s productivo y acertado.<\/h5>\n<h5 style=\"text-align: justify;\">Nuestros dise\u00f1os cumplen un proceso que va de lado de nuestros clientes el cual est\u00e1 definido en tres fases; <strong>Especificaciones, Dise\u00f1o y Aprobaci\u00f3n.<\/strong> La etapa de especificaci\u00f3n es donde se recopila informaci\u00f3n requerimientos y variables que se utilizaran en la siguiente fase. La etapa de dise\u00f1o toma los elementos de la fase anterior para desarrollar el proyecto de acuerdo con las necesidades bajo las normas de construcci\u00f3n Colombianas. La etapa final es la aprobaci\u00f3n dependiendo del alcance del dise\u00f1o, y se har\u00e1n los tr\u00e1mites pertinentes frente a los operadores de red y entidades.<\/h5>\n<h4><strong>Nuestros servicios de Dise\u00f1o son:<\/strong><\/h4>\n<ul>\n<li>\n<h5>Dise\u00f1os el\u00e9ctricos<\/h5>\n<\/li>\n<li>\n<h5>Dise\u00f1os contra incendios<\/h5>\n<\/li>\n<li>\n<h5>Dise\u00f1o Hidro &amp; Sanitario<\/h5>\n<\/li>\n<\/ul>\n","protected":false},"excerpt":{"rendered":"<p>&nbsp; El dise\u00f1o de Redes contiene preguntas b\u00e1sicas antes de que se proceda a su desarrollo con las cuales se identifica la meta y el alcance del PROYECTO. Algunas de ellas son \u00bfQu\u00e9 Tipo de Red?, \u00bfPara qu\u00e9 se utilizara la red?, \u00bfTipo de construcci\u00f3n?, \u00bfEquipos a utilizar? \u00bfbajo que normas? Entre otras, cuando ya<\/p>\n<p><a href=\"https:\/\/rycenergy.com\/?page_id=162\" class=\"more-link themebutton\">Leer m\u00e1s<\/a><\/p>\n","protected":false},"author":1,"featured_media":0,"parent":0,"menu_order":0,"comment_status":"closed","ping_status":"closed","template":"","meta":{"footnotes":""},"class_list":["post-162","page","type-page","status-publish","hentry"],"_links":{"self":[{"href":"https:\/\/rycenergy.com\/index.php?rest_route=\/wp\/v2\/pages\/162","targetHints":{"allow":["GET"]}}],"collection":[{"href":"https:\/\/rycenergy.com\/index.php?rest_route=\/wp\/v2\/pages"}],"about":[{"href":"https:\/\/rycenergy.com\/index.php?rest_route=\/wp\/v2\/types\/page"}],"author":[{"embeddable":true,"href":"https:\/\/rycenergy.com\/index.php?rest_route=\/wp\/v2\/users\/1"}],"replies":[{"embeddable":true,"href":"https:\/\/rycenergy.com\/index.php?rest_route=%2Fwp%2Fv2%2Fcomments&post=162"}],"version-history":[{"count":15,"href":"https:\/\/rycenergy.com\/index.php?rest_route=\/wp\/v2\/pages\/162\/revisions"}],"predecessor-version":[{"id":1224,"href":"https:\/\/rycenergy.com\/index.php?rest_route=\/wp\/v2\/pages\/162\/revisions\/1224"}],"wp:attachment":[{"href":"https:\/\/rycenergy.com\/index.php?rest_route=%2Fwp%2Fv2%2Fmedia&parent=162"}],"curies":[{"name":"wp","href":"https:\/\/api.w.org\/{rel}","templated":true}]}}