{"id":192,"date":"2015-01-30T02:49:33","date_gmt":"2015-01-30T02:49:33","guid":{"rendered":"http:\/\/rycenergy.com\/?page_id=192"},"modified":"2017-03-02T20:42:53","modified_gmt":"2017-03-02T20:42:53","slug":"convertidores-de-frecuencia","status":"publish","type":"page","link":"https:\/\/rycenergy.com\/?page_id=192","title":{"rendered":"Plantas El\u00e9ctricas Abiertas"},"content":{"rendered":"<p><a href=\"http:\/\/rycenergy.com\/wp-content\/uploads\/2015\/01\/planta_sin-cabina.png\"><img loading=\"lazy\" decoding=\"async\" class=\"size-medium wp-image-860 aligncenter\" src=\"http:\/\/rycenergy.com\/wp-content\/uploads\/2015\/01\/planta_sin-cabina-300x264.png\" alt=\"planta_sin cabina\" width=\"300\" height=\"264\" srcset=\"https:\/\/rycenergy.com\/wp-content\/uploads\/2015\/01\/planta_sin-cabina-300x264.png 300w, https:\/\/rycenergy.com\/wp-content\/uploads\/2015\/01\/planta_sin-cabina.png 316w\" sizes=\"auto, (max-width: 300px) 100vw, 300px\" \/><\/a><\/p>\n<h5 style=\"text-align: justify;\">Como todo grupo electr\u00f3geno tiene el prop\u00f3sito de proveer una energ\u00eda alterna ante un d\u00e9ficit o corte del suministro el\u00e9ctrico, el grupo electr\u00f3geno mediante la transformaci\u00f3n de energ\u00eda mec\u00e1nica en energ\u00eda el\u00e9ctrica a trav\u00e9s de un generador el\u00e9ctrico movido por un motor de combusti\u00f3n Diesel, Oil &amp; Gas, satisface las necesidades, falencias y emergencias energ\u00e9ticas en el sitio de trabajo de su negocio, es por ello que un grupo electr\u00f3geno toma un papel importante para que siempre est\u00e9 presente en el lugar de trabajo que se requiera, esto con el fin de garantizar un continuo funcionamiento y hacer m\u00e1s productivas las tareas.<\/h5>\n","protected":false},"excerpt":{"rendered":"<p>Como todo grupo electr\u00f3geno tiene el prop\u00f3sito de proveer una energ\u00eda alterna ante un d\u00e9ficit o corte del suministro el\u00e9ctrico, el grupo electr\u00f3geno mediante la transformaci\u00f3n de energ\u00eda mec\u00e1nica en energ\u00eda el\u00e9ctrica a trav\u00e9s de un generador el\u00e9ctrico movido por un motor de combusti\u00f3n Diesel, Oil &amp; Gas, satisface las necesidades, falencias y emergencias energ\u00e9ticas<\/p>\n<p><a href=\"https:\/\/rycenergy.com\/?page_id=192\" class=\"more-link themebutton\">Leer m\u00e1s<\/a><\/p>\n","protected":false},"author":1,"featured_media":0,"parent":0,"menu_order":0,"comment_status":"closed","ping_status":"closed","template":"","meta":{"footnotes":""},"class_list":["post-192","page","type-page","status-publish","hentry"],"_links":{"self":[{"href":"https:\/\/rycenergy.com\/index.php?rest_route=\/wp\/v2\/pages\/192","targetHints":{"allow":["GET"]}}],"collection":[{"href":"https:\/\/rycenergy.com\/index.php?rest_route=\/wp\/v2\/pages"}],"about":[{"href":"https:\/\/rycenergy.com\/index.php?rest_route=\/wp\/v2\/types\/page"}],"author":[{"embeddable":true,"href":"https:\/\/rycenergy.com\/index.php?rest_route=\/wp\/v2\/users\/1"}],"replies":[{"embeddable":true,"href":"https:\/\/rycenergy.com\/index.php?rest_route=%2Fwp%2Fv2%2Fcomments&post=192"}],"version-history":[{"count":17,"href":"https:\/\/rycenergy.com\/index.php?rest_route=\/wp\/v2\/pages\/192\/revisions"}],"predecessor-version":[{"id":1119,"href":"https:\/\/rycenergy.com\/index.php?rest_route=\/wp\/v2\/pages\/192\/revisions\/1119"}],"wp:attachment":[{"href":"https:\/\/rycenergy.com\/index.php?rest_route=%2Fwp%2Fv2%2Fmedia&parent=192"}],"curies":[{"name":"wp","href":"https:\/\/api.w.org\/{rel}","templated":true}]}}