{"id":194,"date":"2015-01-30T02:50:05","date_gmt":"2015-01-30T02:50:05","guid":{"rendered":"http:\/\/rycenergy.com\/?page_id=194"},"modified":"2017-03-02T20:43:32","modified_gmt":"2017-03-02T20:43:32","slug":"soft-startes","status":"publish","type":"page","link":"https:\/\/rycenergy.com\/?page_id=194","title":{"rendered":"Transferencias Automaticas"},"content":{"rendered":"<p><a href=\"http:\/\/rycenergy.com\/wp-content\/uploads\/2015\/01\/conergia-powergen0012.png\"><img loading=\"lazy\" decoding=\"async\" class=\"size-medium wp-image-862 aligncenter\" src=\"http:\/\/rycenergy.com\/wp-content\/uploads\/2015\/01\/conergia-powergen0012-210x300.png\" alt=\"conergia-powergen0012\" width=\"210\" height=\"300\" srcset=\"https:\/\/rycenergy.com\/wp-content\/uploads\/2015\/01\/conergia-powergen0012-210x300.png 210w, https:\/\/rycenergy.com\/wp-content\/uploads\/2015\/01\/conergia-powergen0012.png 400w\" sizes=\"auto, (max-width: 210px) 100vw, 210px\" \/><\/a><\/p>\n<h5 style=\"text-align: justify;\">Dise\u00f1amos y fabricamos transferencias autom\u00e1ticas con los mas altos est\u00e1ndares de calidad, bajo la norma ISO 9001. Los sistemas autom\u00e1ticos de trasferencias PowerGen tienen la capacidad de censar la red de energ\u00eda, encender y censar la planta el\u00e9ctrica, transferir la carga de acuerdo a la situaci\u00f3n, apagar la planta y permanecer censando la red.<\/h5>\n<h5 style=\"text-align: justify;\"><strong>Otras Configuraciones:<\/strong><\/h5>\n<h5 style=\"text-align: justify;\"><strong>Transferencia dual:<\/strong><\/h5>\n<h5 style=\"text-align: justify;\">Red planta-planta<\/h5>\n<h5 style=\"text-align: justify;\"><strong>Multi-cuentas:<\/strong><\/h5>\n<h5 style=\"text-align: justify;\">Especiales para edificaciones comerciales y vivienda.<\/h5>\n<p>&nbsp;<\/p>\n<p>&nbsp;<\/p>\n","protected":false},"excerpt":{"rendered":"<p>Dise\u00f1amos y fabricamos transferencias autom\u00e1ticas con los mas altos est\u00e1ndares de calidad, bajo la norma ISO 9001. Los sistemas autom\u00e1ticos de trasferencias PowerGen tienen la capacidad de censar la red de energ\u00eda, encender y censar la planta el\u00e9ctrica, transferir la carga de acuerdo a la situaci\u00f3n, apagar la planta y permanecer censando la red. Otras<\/p>\n<p><a href=\"https:\/\/rycenergy.com\/?page_id=194\" class=\"more-link themebutton\">Leer m\u00e1s<\/a><\/p>\n","protected":false},"author":1,"featured_media":0,"parent":0,"menu_order":0,"comment_status":"closed","ping_status":"closed","template":"","meta":{"footnotes":""},"class_list":["post-194","page","type-page","status-publish","hentry"],"_links":{"self":[{"href":"https:\/\/rycenergy.com\/index.php?rest_route=\/wp\/v2\/pages\/194","targetHints":{"allow":["GET"]}}],"collection":[{"href":"https:\/\/rycenergy.com\/index.php?rest_route=\/wp\/v2\/pages"}],"about":[{"href":"https:\/\/rycenergy.com\/index.php?rest_route=\/wp\/v2\/types\/page"}],"author":[{"embeddable":true,"href":"https:\/\/rycenergy.com\/index.php?rest_route=\/wp\/v2\/users\/1"}],"replies":[{"embeddable":true,"href":"https:\/\/rycenergy.com\/index.php?rest_route=%2Fwp%2Fv2%2Fcomments&post=194"}],"version-history":[{"count":19,"href":"https:\/\/rycenergy.com\/index.php?rest_route=\/wp\/v2\/pages\/194\/revisions"}],"predecessor-version":[{"id":1111,"href":"https:\/\/rycenergy.com\/index.php?rest_route=\/wp\/v2\/pages\/194\/revisions\/1111"}],"wp:attachment":[{"href":"https:\/\/rycenergy.com\/index.php?rest_route=%2Fwp%2Fv2%2Fmedia&parent=194"}],"curies":[{"name":"wp","href":"https:\/\/api.w.org\/{rel}","templated":true}]}}