{"id":37,"date":"2015-01-19T22:23:47","date_gmt":"2015-01-19T22:23:47","guid":{"rendered":"http:\/\/rycenergy.com\/?page_id=37"},"modified":"2017-03-02T20:32:39","modified_gmt":"2017-03-02T20:32:39","slug":"productos","status":"publish","type":"page","link":"https:\/\/rycenergy.com\/?page_id=37","title":{"rendered":"EQUIPOS"},"content":{"rendered":"<h5 style=\"text-align: justify;\">Contamos con los mejores proveedores (Marcas) de nivel mundial garantizando el respaldo y la calidad de nuestros productos y servicios. Tambien contamos con alianzas estrategicas que nos permiten el desarrollo de nuestros proyectos.<\/h5>\n<h5>En general manejamos un amplio portafolio de equipos y materiales electricos acorde a sus necesidades y las de sus proyectos, para cualquiera de los diferentes segmentos. Energ\u00eda, Industria de Petr\u00f3leo y Gas, Miner\u00eda, Industria en General y Construcci\u00f3n.<\/h5>\n<p>&nbsp;<\/p>\n<p><a href=\"http:\/\/rycenergy.com\/wp-content\/uploads\/2015\/01\/plantas_electricas5.png\"><img loading=\"lazy\" decoding=\"async\" class=\" wp-image-1227 alignleft\" src=\"http:\/\/rycenergy.com\/wp-content\/uploads\/2015\/01\/plantas_electricas5-300x160.png\" alt=\"\" width=\"450\" height=\"240\" srcset=\"https:\/\/rycenergy.com\/wp-content\/uploads\/2015\/01\/plantas_electricas5-300x160.png 300w, https:\/\/rycenergy.com\/wp-content\/uploads\/2015\/01\/plantas_electricas5-768x408.png 768w, https:\/\/rycenergy.com\/wp-content\/uploads\/2015\/01\/plantas_electricas5-1024x545.png 1024w, https:\/\/rycenergy.com\/wp-content\/uploads\/2015\/01\/plantas_electricas5.png 1260w\" sizes=\"auto, (max-width: 450px) 100vw, 450px\" \/><\/a><a href=\"http:\/\/rycenergy.com\/wp-content\/uploads\/2017\/02\/sistema_de_bombeo.png\"><img loading=\"lazy\" decoding=\"async\" class=\"alignnone wp-image-1187\" src=\"http:\/\/rycenergy.com\/wp-content\/uploads\/2017\/02\/sistema_de_bombeo-300x160.png\" alt=\"\" width=\"444\" height=\"237\" srcset=\"https:\/\/rycenergy.com\/wp-content\/uploads\/2017\/02\/sistema_de_bombeo-300x160.png 300w, https:\/\/rycenergy.com\/wp-content\/uploads\/2017\/02\/sistema_de_bombeo-768x408.png 768w, https:\/\/rycenergy.com\/wp-content\/uploads\/2017\/02\/sistema_de_bombeo-1024x545.png 1024w, https:\/\/rycenergy.com\/wp-content\/uploads\/2017\/02\/sistema_de_bombeo.png 1260w\" sizes=\"auto, (max-width: 444px) 100vw, 444px\" \/><\/a><\/p>\n","protected":false},"excerpt":{"rendered":"<p>Contamos con los mejores proveedores (Marcas) de nivel mundial garantizando el respaldo y la calidad de nuestros productos y servicios. Tambien contamos con alianzas estrategicas que nos permiten el desarrollo de nuestros proyectos. En general manejamos un amplio portafolio de equipos y materiales electricos acorde a sus necesidades y las de sus proyectos, para cualquiera<\/p>\n<p><a href=\"https:\/\/rycenergy.com\/?page_id=37\" class=\"more-link themebutton\">Leer m\u00e1s<\/a><\/p>\n","protected":false},"author":1,"featured_media":0,"parent":0,"menu_order":0,"comment_status":"closed","ping_status":"closed","template":"","meta":{"footnotes":""},"class_list":["post-37","page","type-page","status-publish","hentry"],"_links":{"self":[{"href":"https:\/\/rycenergy.com\/index.php?rest_route=\/wp\/v2\/pages\/37","targetHints":{"allow":["GET"]}}],"collection":[{"href":"https:\/\/rycenergy.com\/index.php?rest_route=\/wp\/v2\/pages"}],"about":[{"href":"https:\/\/rycenergy.com\/index.php?rest_route=\/wp\/v2\/types\/page"}],"author":[{"embeddable":true,"href":"https:\/\/rycenergy.com\/index.php?rest_route=\/wp\/v2\/users\/1"}],"replies":[{"embeddable":true,"href":"https:\/\/rycenergy.com\/index.php?rest_route=%2Fwp%2Fv2%2Fcomments&post=37"}],"version-history":[{"count":15,"href":"https:\/\/rycenergy.com\/index.php?rest_route=\/wp\/v2\/pages\/37\/revisions"}],"predecessor-version":[{"id":1317,"href":"https:\/\/rycenergy.com\/index.php?rest_route=\/wp\/v2\/pages\/37\/revisions\/1317"}],"wp:attachment":[{"href":"https:\/\/rycenergy.com\/index.php?rest_route=%2Fwp%2Fv2%2Fmedia&parent=37"}],"curies":[{"name":"wp","href":"https:\/\/api.w.org\/{rel}","templated":true}]}}