{"id":467,"date":"2015-02-05T02:33:10","date_gmt":"2015-02-05T02:33:10","guid":{"rendered":"http:\/\/rycenergy.com\/?page_id=467"},"modified":"2017-03-02T20:25:09","modified_gmt":"2017-03-02T20:25:09","slug":"politica-de-calidad","status":"publish","type":"page","link":"https:\/\/rycenergy.com\/?page_id=467","title":{"rendered":"POLITICA DE CALIDAD"},"content":{"rendered":"<ul>\n<li>\n<h5 style=\"text-align: justify;\"><strong>Excelencia operacional: <\/strong>Los concepto de eficacia y eficacia de procesos ocupan un lugar\u00a0 primordial dentro de nuestra gesti\u00f3n empresarial.<\/h5>\n<\/li>\n<\/ul>\n<ul style=\"text-align: justify;\">\n<li>\n<h5><strong>Capacidad de aprendizaje: <\/strong>La capacidad de aprender, pasar de la soluci\u00f3n de problemas al aprendizaje Organizacional.<\/h5>\n<\/li>\n<\/ul>\n<ul style=\"text-align: justify;\">\n<li>\n<h5><strong>Recursos Humanos:<\/strong> Nuestro personal es el activo m\u00e1s importante y por ello asumimos su desarrollo y bienestar.<\/h5>\n<\/li>\n<\/ul>\n<ul style=\"text-align: justify;\">\n<li>\n<h5><strong>Compromiso con el cliente: <\/strong>Nada es m\u00e1s importante para nosotros que nuestros clientes y todo lo que hacemos est\u00e1 dirigido a ellos.<\/h5>\n<\/li>\n<\/ul>\n<ul style=\"text-align: justify;\">\n<li>\n<h5><strong>\u00c9tica: <\/strong>Operamos de forma \u00e9tica nuestra empresa, enti\u00e9ndase con transparencia, sinceridad, compromiso. Damos valor a la palabra<\/h5>\n<\/li>\n<\/ul>\n<ul style=\"text-align: justify;\">\n<li>\n<h5><strong>Calidad: <\/strong>Buscamos su mejoramiento cada d\u00eda y esta siempre presente en todos nuestros procesos.<\/h5>\n<\/li>\n<\/ul>\n<ul style=\"text-align: justify;\">\n<li>\n<h5><strong>Seguridad: <\/strong>Es pilar fundamental para nuestros productos y servicios pues somos conscientes de todo lo que est\u00e1 en juego.<\/h5>\n<\/li>\n<\/ul>\n<ul>\n<li>\n<h5 style=\"text-align: justify;\"><strong>Social y<span style=\"color: #008000;\"> Ambiental<\/span>: <\/strong>Como la Seguridad, estos son valores de extrema importancia para nosotros, pues de ellos depende el crecimiento integral de la empresa y el entorno donde se desarrolla.<\/h5>\n<\/li>\n<\/ul>\n<h4><\/h4>\n","protected":false},"excerpt":{"rendered":"<p>Excelencia operacional: Los concepto de eficacia y eficacia de procesos ocupan un lugar\u00a0 primordial dentro de nuestra gesti\u00f3n empresarial. Capacidad de aprendizaje: La capacidad de aprender, pasar de la soluci\u00f3n de problemas al aprendizaje Organizacional. Recursos Humanos: Nuestro personal es el activo m\u00e1s importante y por ello asumimos su desarrollo y bienestar. Compromiso con el<\/p>\n<p><a href=\"https:\/\/rycenergy.com\/?page_id=467\" class=\"more-link themebutton\">Leer m\u00e1s<\/a><\/p>\n","protected":false},"author":1,"featured_media":0,"parent":0,"menu_order":0,"comment_status":"closed","ping_status":"closed","template":"","meta":{"footnotes":""},"class_list":["post-467","page","type-page","status-publish","hentry"],"_links":{"self":[{"href":"https:\/\/rycenergy.com\/index.php?rest_route=\/wp\/v2\/pages\/467","targetHints":{"allow":["GET"]}}],"collection":[{"href":"https:\/\/rycenergy.com\/index.php?rest_route=\/wp\/v2\/pages"}],"about":[{"href":"https:\/\/rycenergy.com\/index.php?rest_route=\/wp\/v2\/types\/page"}],"author":[{"embeddable":true,"href":"https:\/\/rycenergy.com\/index.php?rest_route=\/wp\/v2\/users\/1"}],"replies":[{"embeddable":true,"href":"https:\/\/rycenergy.com\/index.php?rest_route=%2Fwp%2Fv2%2Fcomments&post=467"}],"version-history":[{"count":9,"href":"https:\/\/rycenergy.com\/index.php?rest_route=\/wp\/v2\/pages\/467\/revisions"}],"predecessor-version":[{"id":1031,"href":"https:\/\/rycenergy.com\/index.php?rest_route=\/wp\/v2\/pages\/467\/revisions\/1031"}],"wp:attachment":[{"href":"https:\/\/rycenergy.com\/index.php?rest_route=%2Fwp%2Fv2%2Fmedia&parent=467"}],"curies":[{"name":"wp","href":"https:\/\/api.w.org\/{rel}","templated":true}]}}