{"id":48,"date":"2015-01-19T22:44:40","date_gmt":"2015-01-19T22:44:40","guid":{"rendered":"http:\/\/rycenergy.com\/?page_id=48"},"modified":"2017-03-02T20:24:44","modified_gmt":"2017-03-02T20:24:44","slug":"mision","status":"publish","type":"page","link":"https:\/\/rycenergy.com\/?page_id=48","title":{"rendered":"MISION"},"content":{"rendered":"<h1><strong>\u00a0<\/strong><\/h1>\n<table style=\"height: 328px;\" width=\"828\">\n<tbody>\n<tr>\n<td style=\"text-align: left;\">\n<h5 style=\"text-align: justify;\">Apoyar con Calidad, Confiabilidad y Servicio el negocio de nuestros Clientes, claro est\u00e1 sin perder competitividad en el Lead Time (Tiempo de espera) y Costos. Atender a diferentes segmentos de negocio: Energ\u00eda, Industria de Petr\u00f3leo y Gas, Miner\u00eda, Industria en General y <span style=\"color: #008000;\">CONSTRUCCION<\/span>. Brindando Soluciones en Ingenier\u00eda, Dise\u00f1o, e Instalaci\u00f3n para obras: El\u00e9ctricas, Electr\u00f3nicas, Mec\u00e1nicas y Civiles.<\/h5>\n<h5 style=\"text-align: justify;\">Siempre teniendo como pilar de calidad la satisfacci\u00f3n Integral de las necesidades de nuestros clientes.<\/h5>\n<h5 style=\"text-align: justify;\">Tambi\u00e9n prestamos servicios de <strong>Consultor\u00eda, Asesor\u00eda e Interventoria,<\/strong> estudios tecnicos, <span style=\"color: #008000;\">EFICIENCIA ENERGETICA<\/span> y proyectos.<\/h5>\n<\/td>\n<\/tr>\n<\/tbody>\n<\/table>\n<p>&nbsp;<\/p>\n<p>&nbsp;<\/p>\n<p>&nbsp;<\/p>\n<p>.<\/p>\n","protected":false},"excerpt":{"rendered":"<p>\u00a0 Apoyar con Calidad, Confiabilidad y Servicio el negocio de nuestros Clientes, claro est\u00e1 sin perder competitividad en el Lead Time (Tiempo de espera) y Costos. Atender a diferentes segmentos de negocio: Energ\u00eda, Industria de Petr\u00f3leo y Gas, Miner\u00eda, Industria en General y CONSTRUCCION. Brindando Soluciones en Ingenier\u00eda, Dise\u00f1o, e Instalaci\u00f3n para obras: El\u00e9ctricas, Electr\u00f3nicas,<\/p>\n<p><a href=\"https:\/\/rycenergy.com\/?page_id=48\" class=\"more-link themebutton\">Leer m\u00e1s<\/a><\/p>\n","protected":false},"author":1,"featured_media":0,"parent":0,"menu_order":0,"comment_status":"closed","ping_status":"closed","template":"","meta":{"footnotes":""},"class_list":["post-48","page","type-page","status-publish","hentry"],"_links":{"self":[{"href":"https:\/\/rycenergy.com\/index.php?rest_route=\/wp\/v2\/pages\/48","targetHints":{"allow":["GET"]}}],"collection":[{"href":"https:\/\/rycenergy.com\/index.php?rest_route=\/wp\/v2\/pages"}],"about":[{"href":"https:\/\/rycenergy.com\/index.php?rest_route=\/wp\/v2\/types\/page"}],"author":[{"embeddable":true,"href":"https:\/\/rycenergy.com\/index.php?rest_route=\/wp\/v2\/users\/1"}],"replies":[{"embeddable":true,"href":"https:\/\/rycenergy.com\/index.php?rest_route=%2Fwp%2Fv2%2Fcomments&post=48"}],"version-history":[{"count":12,"href":"https:\/\/rycenergy.com\/index.php?rest_route=\/wp\/v2\/pages\/48\/revisions"}],"predecessor-version":[{"id":1028,"href":"https:\/\/rycenergy.com\/index.php?rest_route=\/wp\/v2\/pages\/48\/revisions\/1028"}],"wp:attachment":[{"href":"https:\/\/rycenergy.com\/index.php?rest_route=%2Fwp%2Fv2%2Fmedia&parent=48"}],"curies":[{"name":"wp","href":"https:\/\/api.w.org\/{rel}","templated":true}]}}