{"id":50,"date":"2015-01-19T22:45:22","date_gmt":"2015-01-19T22:45:22","guid":{"rendered":"http:\/\/rycenergy.com\/?page_id=50"},"modified":"2017-03-02T20:24:26","modified_gmt":"2017-03-02T20:24:26","slug":"vision","status":"publish","type":"page","link":"https:\/\/rycenergy.com\/?page_id=50","title":{"rendered":"VISION"},"content":{"rendered":"<table style=\"height: 264px;\" width=\"1132\">\n<tbody>\n<tr>\n<td>\n<h4 style=\"text-align: left;\">Ser una empresa<strong> EPC<\/strong> (Engineering, Procurement and Construction) de INGENIERIA ELECTRICA, reconocida a nivel nacional para el 2020, elogiada por nuestros clientes y proveedores por su compromiso social, <span style=\"color: #008000;\">ambiental<\/span> y econ\u00f3mico con nuestra regi\u00f3n y pa\u00eds.<\/h4>\n<\/td>\n<\/tr>\n<\/tbody>\n<\/table>\n<h4><\/h4>\n","protected":false},"excerpt":{"rendered":"<p>Ser una empresa EPC (Engineering, Procurement and Construction) de INGENIERIA ELECTRICA, reconocida a nivel nacional para el 2020, elogiada por nuestros clientes y proveedores por su compromiso social, ambiental y econ\u00f3mico con nuestra regi\u00f3n y pa\u00eds.<\/p>\n","protected":false},"author":1,"featured_media":0,"parent":0,"menu_order":0,"comment_status":"closed","ping_status":"closed","template":"","meta":{"footnotes":""},"class_list":["post-50","page","type-page","status-publish","hentry"],"_links":{"self":[{"href":"https:\/\/rycenergy.com\/index.php?rest_route=\/wp\/v2\/pages\/50","targetHints":{"allow":["GET"]}}],"collection":[{"href":"https:\/\/rycenergy.com\/index.php?rest_route=\/wp\/v2\/pages"}],"about":[{"href":"https:\/\/rycenergy.com\/index.php?rest_route=\/wp\/v2\/types\/page"}],"author":[{"embeddable":true,"href":"https:\/\/rycenergy.com\/index.php?rest_route=\/wp\/v2\/users\/1"}],"replies":[{"embeddable":true,"href":"https:\/\/rycenergy.com\/index.php?rest_route=%2Fwp%2Fv2%2Fcomments&post=50"}],"version-history":[{"count":7,"href":"https:\/\/rycenergy.com\/index.php?rest_route=\/wp\/v2\/pages\/50\/revisions"}],"predecessor-version":[{"id":1029,"href":"https:\/\/rycenergy.com\/index.php?rest_route=\/wp\/v2\/pages\/50\/revisions\/1029"}],"wp:attachment":[{"href":"https:\/\/rycenergy.com\/index.php?rest_route=%2Fwp%2Fv2%2Fmedia&parent=50"}],"curies":[{"name":"wp","href":"https:\/\/api.w.org\/{rel}","templated":true}]}}