{"id":507,"date":"2015-02-05T03:34:24","date_gmt":"2015-02-05T03:34:24","guid":{"rendered":"http:\/\/rycenergy.com\/?page_id=507"},"modified":"2017-03-02T20:39:14","modified_gmt":"2017-03-02T20:39:14","slug":"proyectos","status":"publish","type":"page","link":"https:\/\/rycenergy.com\/?page_id=507","title":{"rendered":"INSTALACI\u00d3NES"},"content":{"rendered":"<h5 style=\"text-align: justify;\"><a href=\"http:\/\/rycenergy.com\/wp-content\/uploads\/2015\/02\/instalaciones_electricas.png\"><img loading=\"lazy\" decoding=\"async\" class=\" wp-image-1225 aligncenter\" src=\"http:\/\/rycenergy.com\/wp-content\/uploads\/2015\/02\/instalaciones_electricas-300x127.png\" alt=\"\" width=\"459\" height=\"194\" srcset=\"https:\/\/rycenergy.com\/wp-content\/uploads\/2015\/02\/instalaciones_electricas-300x127.png 300w, https:\/\/rycenergy.com\/wp-content\/uploads\/2015\/02\/instalaciones_electricas-768x326.png 768w, https:\/\/rycenergy.com\/wp-content\/uploads\/2015\/02\/instalaciones_electricas-1024x435.png 1024w, https:\/\/rycenergy.com\/wp-content\/uploads\/2015\/02\/instalaciones_electricas.png 1059w\" sizes=\"auto, (max-width: 459px) 100vw, 459px\" \/><\/a><\/h5>\n<h5 style=\"text-align: justify;\">En R&amp;C ENERGY SAS somos fieles a la definici\u00f3n de proyecto del (PMBOK\u00ae), un proyecto se define como un esfuerzo temporal que se lleva a cabo para crear un producto, servicio o resultado \u00fanico.<\/h5>\n<h5 style=\"text-align: justify;\">El resultado \u00fanico o entregable creado, debe ser un producto medible y verificable de un trabajo (servicio o bien) que debe producirse para terminar un proceso, una fase o un proyecto, al referirse a un bien debe ser un producto o resultado tangible y cuantificable y al referirse a un servicio ser\u00e1 un trabajo \u00fatil realizado cuyo producto o resultado es intangible.<\/h5>\n<h5><\/h5>\n<h5>Por esta raz\u00f3n en R&amp;C ENERGY SAS buscamos responder a:<\/h5>\n<ul>\n<li>\n<h5>Una necesidad por satisfacer<\/h5>\n<\/li>\n<li>\n<h5>Una exigencia por cumplir<\/h5>\n<\/li>\n<li>\n<h5>Un problema por resolver<\/h5>\n<\/li>\n<li>\n<h5>Una oportunidad por aprovechar<\/h5>\n<\/li>\n<\/ul>\n<h5 style=\"text-align: justify;\">Para las instalaciones de redes es necesario una asistencia diligente y experimentada debido a que est\u00e1s permiten el suministro y operaci\u00f3n de los servicios en las construcciones, la mayor\u00eda de ellas parten de la red p\u00fablica y llegan a la edificaci\u00f3n. Las instalaciones de redes distribuyen y\/o evac\u00faan del edificio materia, energ\u00eda e informaci\u00f3n, por lo que sirven para agua, electricidad, ventilaci\u00f3n, televisi\u00f3n y telefon\u00eda.<\/h5>\n","protected":false},"excerpt":{"rendered":"<p>En R&amp;C ENERGY SAS somos fieles a la definici\u00f3n de proyecto del (PMBOK\u00ae), un proyecto se define como un esfuerzo temporal que se lleva a cabo para crear un producto, servicio o resultado \u00fanico. El resultado \u00fanico o entregable creado, debe ser un producto medible y verificable de un trabajo (servicio o bien) que debe<\/p>\n<p><a href=\"https:\/\/rycenergy.com\/?page_id=507\" class=\"more-link themebutton\">Leer m\u00e1s<\/a><\/p>\n","protected":false},"author":1,"featured_media":0,"parent":0,"menu_order":0,"comment_status":"closed","ping_status":"closed","template":"","meta":{"footnotes":""},"class_list":["post-507","page","type-page","status-publish","hentry"],"_links":{"self":[{"href":"https:\/\/rycenergy.com\/index.php?rest_route=\/wp\/v2\/pages\/507","targetHints":{"allow":["GET"]}}],"collection":[{"href":"https:\/\/rycenergy.com\/index.php?rest_route=\/wp\/v2\/pages"}],"about":[{"href":"https:\/\/rycenergy.com\/index.php?rest_route=\/wp\/v2\/types\/page"}],"author":[{"embeddable":true,"href":"https:\/\/rycenergy.com\/index.php?rest_route=\/wp\/v2\/users\/1"}],"replies":[{"embeddable":true,"href":"https:\/\/rycenergy.com\/index.php?rest_route=%2Fwp%2Fv2%2Fcomments&post=507"}],"version-history":[{"count":16,"href":"https:\/\/rycenergy.com\/index.php?rest_route=\/wp\/v2\/pages\/507\/revisions"}],"predecessor-version":[{"id":1316,"href":"https:\/\/rycenergy.com\/index.php?rest_route=\/wp\/v2\/pages\/507\/revisions\/1316"}],"wp:attachment":[{"href":"https:\/\/rycenergy.com\/index.php?rest_route=%2Fwp%2Fv2%2Fmedia&parent=507"}],"curies":[{"name":"wp","href":"https:\/\/api.w.org\/{rel}","templated":true}]}}