{"id":530,"date":"2015-02-05T03:45:26","date_gmt":"2015-02-05T03:45:26","guid":{"rendered":"http:\/\/rycenergy.com\/?page_id=530"},"modified":"2017-03-02T20:32:05","modified_gmt":"2017-03-02T20:32:05","slug":"mantenimiento","status":"publish","type":"page","link":"https:\/\/rycenergy.com\/?page_id=530","title":{"rendered":"PROYECTOS"},"content":{"rendered":"<h3 style=\"text-align: center;\">PROCESOS DE PROYECTOS BAJO LA METODOLOGIA PMBOK<\/h3>\n<p><a href=\"http:\/\/rycenergy.com\/wp-content\/uploads\/2017\/02\/PROYECTOS_ELECTRICOS.png\"><img loading=\"lazy\" decoding=\"async\" class=\" wp-image-1246 aligncenter\" src=\"http:\/\/rycenergy.com\/wp-content\/uploads\/2017\/02\/PROYECTOS_ELECTRICOS-300x191.png\" alt=\"\" width=\"379\" height=\"241\" srcset=\"https:\/\/rycenergy.com\/wp-content\/uploads\/2017\/02\/PROYECTOS_ELECTRICOS-300x191.png 300w, https:\/\/rycenergy.com\/wp-content\/uploads\/2017\/02\/PROYECTOS_ELECTRICOS.png 677w\" sizes=\"auto, (max-width: 379px) 100vw, 379px\" \/><\/a><\/p>\n<h5 style=\"text-align: justify;\">En R&amp;C ENERGY SAS somos fieles a la definici\u00f3n de proyecto del (PMBOK\u00ae), un proyecto se define como un esfuerzo temporal que se lleva a cabo para crear un producto, servicio o resultado \u00fanico.<\/h5>\n<h5 style=\"text-align: justify;\">El resultado \u00fanico o entregable creado, debe ser un producto medible y verificable de un trabajo (servicio o bien) que debe producirse para terminar un proceso, una fase o un proyecto, al referirse a un bien debe ser un producto o resultado tangible y cuantificable y al referirse a un servicio ser\u00e1 un trabajo \u00fatil realizado cuyo producto o resultado es intangible.<\/h5>\n<h5><\/h5>\n<h5>Por esta raz\u00f3n en R&amp;C ENERGY SAS buscamos responder a:<\/h5>\n<ul>\n<li>\n<h5>Una necesidad por satisfacer<\/h5>\n<\/li>\n<li>\n<h5>Una exigencia por cumplir<\/h5>\n<\/li>\n<li>\n<h5>Un problema por resolver<\/h5>\n<\/li>\n<li>\n<h5>Una oportunidad por aprovechar<\/h5>\n<\/li>\n<\/ul>\n<h5 style=\"text-align: justify;\"><\/h5>\n<h5 style=\"text-align: justify;\">La integraci\u00f3n de los proyectos involucra aspectos administrativos, legales, \u00e9ticos, comerciales, econ\u00f3micosfinanciero, acuerdos y decisiones en acuerdo con las partes que intervienen en la ejecuci\u00f3n del mismo.<\/h5>\n<h5>Al contar con nosotros para sus proyectos se cuenta con<\/h5>\n<ul>\n<li>\n<h5>Gesti\u00f3n administrativa, en la cual definimos la organizaci\u00f3n y organigrama por el cual va operar el proyecto<\/h5>\n<\/li>\n<li>\n<h5>Conformar los distintos \u00f3rganos de direcci\u00f3n del proyecto efectuado la coordinaci\u00f3n entre todos y cada uno de ellos.<\/h5>\n<\/li>\n<li>\n<h5>Dirigir profesionales que intervendr\u00e1n en el proyecto<\/h5>\n<\/li>\n<li>\n<h5>Administrar correspondencia y archivo de proyecto<\/h5>\n<\/li>\n<li>\n<h5>Asesor\u00eda para la ejecuci\u00f3n de tr\u00e1mites legales ante entes gubernamentales<\/h5>\n<\/li>\n<li>\n<h5>Definir objetivos con los cuales se alcancen los tiempos, costos y la calidad<\/h5>\n<\/li>\n<li>\n<h5>Informes de ejecuci\u00f3n presupuestal<\/h5>\n<\/li>\n<li>\n<h5>Implementar estructura de financiamiento del proyecto someti\u00e9ndola a aprobaci\u00f3n<\/h5>\n<\/li>\n<\/ul>\n","protected":false},"excerpt":{"rendered":"<p>PROCESOS DE PROYECTOS BAJO LA METODOLOGIA PMBOK En R&amp;C ENERGY SAS somos fieles a la definici\u00f3n de proyecto del (PMBOK\u00ae), un proyecto se define como un esfuerzo temporal que se lleva a cabo para crear un producto, servicio o resultado \u00fanico. El resultado \u00fanico o entregable creado, debe ser un producto medible y verificable de<\/p>\n<p><a href=\"https:\/\/rycenergy.com\/?page_id=530\" class=\"more-link themebutton\">Leer m\u00e1s<\/a><\/p>\n","protected":false},"author":1,"featured_media":0,"parent":0,"menu_order":0,"comment_status":"closed","ping_status":"closed","template":"","meta":{"footnotes":""},"class_list":["post-530","page","type-page","status-publish","hentry"],"_links":{"self":[{"href":"https:\/\/rycenergy.com\/index.php?rest_route=\/wp\/v2\/pages\/530","targetHints":{"allow":["GET"]}}],"collection":[{"href":"https:\/\/rycenergy.com\/index.php?rest_route=\/wp\/v2\/pages"}],"about":[{"href":"https:\/\/rycenergy.com\/index.php?rest_route=\/wp\/v2\/types\/page"}],"author":[{"embeddable":true,"href":"https:\/\/rycenergy.com\/index.php?rest_route=\/wp\/v2\/users\/1"}],"replies":[{"embeddable":true,"href":"https:\/\/rycenergy.com\/index.php?rest_route=%2Fwp%2Fv2%2Fcomments&post=530"}],"version-history":[{"count":10,"href":"https:\/\/rycenergy.com\/index.php?rest_route=\/wp\/v2\/pages\/530\/revisions"}],"predecessor-version":[{"id":1252,"href":"https:\/\/rycenergy.com\/index.php?rest_route=\/wp\/v2\/pages\/530\/revisions\/1252"}],"wp:attachment":[{"href":"https:\/\/rycenergy.com\/index.php?rest_route=%2Fwp%2Fv2%2Fmedia&parent=530"}],"curies":[{"name":"wp","href":"https:\/\/api.w.org\/{rel}","templated":true}]}}