{"id":582,"date":"2015-02-14T03:53:14","date_gmt":"2015-02-14T03:53:14","guid":{"rendered":"http:\/\/rycenergy.com\/?page_id=582"},"modified":"2017-03-02T20:46:12","modified_gmt":"2017-03-02T20:46:12","slug":"capacitores-y-correccion-del-factor-de-potencia","status":"publish","type":"page","link":"https:\/\/rycenergy.com\/?page_id=582","title":{"rendered":"Sistemas con Paneles Solares"},"content":{"rendered":"<h5><\/h5>\n<p style=\"text-align: justify;\"><strong><a href=\"http:\/\/rycenergy.com\/wp-content\/uploads\/2015\/02\/Nuevo-proyecto-de-alumbrado-p\u00fablico-solar.png\"><img loading=\"lazy\" decoding=\"async\" class=\"size-medium wp-image-1288 aligncenter\" src=\"http:\/\/rycenergy.com\/wp-content\/uploads\/2015\/02\/Nuevo-proyecto-de-alumbrado-p\u00fablico-solar-300x206.png\" alt=\"\" width=\"300\" height=\"206\" srcset=\"https:\/\/rycenergy.com\/wp-content\/uploads\/2015\/02\/Nuevo-proyecto-de-alumbrado-p\u00fablico-solar-300x206.png 300w, https:\/\/rycenergy.com\/wp-content\/uploads\/2015\/02\/Nuevo-proyecto-de-alumbrado-p\u00fablico-solar.png 450w\" sizes=\"auto, (max-width: 300px) 100vw, 300px\" \/><\/a><\/strong><\/p>\n<p style=\"text-align: justify;\"><strong>OFRECEMOS DIVERSAS SOLUCIONES PARA BOMBEO E ILUMINACI\u00d3N UTILIZANDO LA ENERGIA FOTOVOLTAICA.<\/strong><\/p>\n<h5 style=\"text-align: justify;\"><strong>Elaboraci\u00f3n estudios \u00a0preliminares de rentabilidad energ\u00e9tica, econ\u00f3mica y de viabilidad t\u00e9cnica<\/strong>.<\/h5>\n<h5 style=\"text-align: justify;\">Realizamos un <strong>DISE\u00d1O<\/strong> de su proyecto o idea relacionada con la implementaci\u00f3n de energ\u00eda\u00a0 fotovoltaica. Le hacemos un diagn\u00f3stico de la posibilidad y viabilidad financiera, t\u00e9cnica y energ\u00e9tica de su idea.<\/h5>\n<h5 style=\"text-align: justify;\">Redacci\u00f3n de documentaci\u00f3n escrita del proyecto: memoria, pliego de condiciones, especificaciones, etc. Realizaci\u00f3n de la documentaci\u00f3n gr\u00e1fica: planos, secciones, detalles, vistas, etc. De acuerdo a las caracter\u00edsticas de cada proyecto, detalles de construcciones auxiliares, gr\u00e1ficas para promoci\u00f3n del proyecto y manuales de usuario.<\/h5>\n","protected":false},"excerpt":{"rendered":"<p>OFRECEMOS DIVERSAS SOLUCIONES PARA BOMBEO E ILUMINACI\u00d3N UTILIZANDO LA ENERGIA FOTOVOLTAICA. Elaboraci\u00f3n estudios \u00a0preliminares de rentabilidad energ\u00e9tica, econ\u00f3mica y de viabilidad t\u00e9cnica. Realizamos un DISE\u00d1O de su proyecto o idea relacionada con la implementaci\u00f3n de energ\u00eda\u00a0 fotovoltaica. Le hacemos un diagn\u00f3stico de la posibilidad y viabilidad financiera, t\u00e9cnica y energ\u00e9tica de su idea. Redacci\u00f3n de<\/p>\n<p><a href=\"https:\/\/rycenergy.com\/?page_id=582\" class=\"more-link themebutton\">Leer m\u00e1s<\/a><\/p>\n","protected":false},"author":1,"featured_media":0,"parent":0,"menu_order":0,"comment_status":"closed","ping_status":"closed","template":"","meta":{"footnotes":""},"class_list":["post-582","page","type-page","status-publish","hentry"],"_links":{"self":[{"href":"https:\/\/rycenergy.com\/index.php?rest_route=\/wp\/v2\/pages\/582","targetHints":{"allow":["GET"]}}],"collection":[{"href":"https:\/\/rycenergy.com\/index.php?rest_route=\/wp\/v2\/pages"}],"about":[{"href":"https:\/\/rycenergy.com\/index.php?rest_route=\/wp\/v2\/types\/page"}],"author":[{"embeddable":true,"href":"https:\/\/rycenergy.com\/index.php?rest_route=\/wp\/v2\/users\/1"}],"replies":[{"embeddable":true,"href":"https:\/\/rycenergy.com\/index.php?rest_route=%2Fwp%2Fv2%2Fcomments&post=582"}],"version-history":[{"count":5,"href":"https:\/\/rycenergy.com\/index.php?rest_route=\/wp\/v2\/pages\/582\/revisions"}],"predecessor-version":[{"id":1289,"href":"https:\/\/rycenergy.com\/index.php?rest_route=\/wp\/v2\/pages\/582\/revisions\/1289"}],"wp:attachment":[{"href":"https:\/\/rycenergy.com\/index.php?rest_route=%2Fwp%2Fv2%2Fmedia&parent=582"}],"curies":[{"name":"wp","href":"https:\/\/api.w.org\/{rel}","templated":true}]}}