{"id":584,"date":"2015-02-14T03:53:33","date_gmt":"2015-02-14T03:53:33","guid":{"rendered":"http:\/\/rycenergy.com\/?page_id=584"},"modified":"2017-03-02T20:36:20","modified_gmt":"2017-03-02T20:36:20","slug":"conexiones-electricas","status":"publish","type":"page","link":"https:\/\/rycenergy.com\/?page_id=584","title":{"rendered":"Material El\u00e9ctrico"},"content":{"rendered":"<p>&nbsp;<\/p>\n<h5><a href=\"http:\/\/rycenergy.com\/wp-content\/uploads\/2015\/02\/accesorios.png\"><img loading=\"lazy\" decoding=\"async\" class=\"wp-image-1275 aligncenter\" src=\"http:\/\/rycenergy.com\/wp-content\/uploads\/2015\/02\/accesorios-300x140.png\" alt=\"\" width=\"433\" height=\"202\" srcset=\"https:\/\/rycenergy.com\/wp-content\/uploads\/2015\/02\/accesorios-300x140.png 300w, https:\/\/rycenergy.com\/wp-content\/uploads\/2015\/02\/accesorios.png 661w\" sizes=\"auto, (max-width: 433px) 100vw, 433px\" \/><\/a><\/h5>\n<h5>Contamos con los mejores proveedores (Marcas) de nivel mundial garantizando el respaldo y la calidad de nuestros productos y servicios. Tambien contamos con alianzas estrategicas que nos permiten el desarrollo de nuestros proyectos.<\/h5>\n<h5>En general manejamos un amplio portafolio de equipos y materiales electricos acorde a sus necesidades y las de sus proyectos, para cualquiera de los diferentes segmentos. Energ\u00eda, Industria de Petr\u00f3leo y Gas, Miner\u00eda, Industria en General y Construcci\u00f3n.<\/h5>\n","protected":false},"excerpt":{"rendered":"<p>&nbsp; Contamos con los mejores proveedores (Marcas) de nivel mundial garantizando el respaldo y la calidad de nuestros productos y servicios. Tambien contamos con alianzas estrategicas que nos permiten el desarrollo de nuestros proyectos. En general manejamos un amplio portafolio de equipos y materiales electricos acorde a sus necesidades y las de sus proyectos, para<\/p>\n<p><a href=\"https:\/\/rycenergy.com\/?page_id=584\" class=\"more-link themebutton\">Leer m\u00e1s<\/a><\/p>\n","protected":false},"author":1,"featured_media":0,"parent":0,"menu_order":0,"comment_status":"closed","ping_status":"closed","template":"","meta":{"footnotes":""},"class_list":["post-584","page","type-page","status-publish","hentry"],"_links":{"self":[{"href":"https:\/\/rycenergy.com\/index.php?rest_route=\/wp\/v2\/pages\/584","targetHints":{"allow":["GET"]}}],"collection":[{"href":"https:\/\/rycenergy.com\/index.php?rest_route=\/wp\/v2\/pages"}],"about":[{"href":"https:\/\/rycenergy.com\/index.php?rest_route=\/wp\/v2\/types\/page"}],"author":[{"embeddable":true,"href":"https:\/\/rycenergy.com\/index.php?rest_route=\/wp\/v2\/users\/1"}],"replies":[{"embeddable":true,"href":"https:\/\/rycenergy.com\/index.php?rest_route=%2Fwp%2Fv2%2Fcomments&post=584"}],"version-history":[{"count":5,"href":"https:\/\/rycenergy.com\/index.php?rest_route=\/wp\/v2\/pages\/584\/revisions"}],"predecessor-version":[{"id":1276,"href":"https:\/\/rycenergy.com\/index.php?rest_route=\/wp\/v2\/pages\/584\/revisions\/1276"}],"wp:attachment":[{"href":"https:\/\/rycenergy.com\/index.php?rest_route=%2Fwp%2Fv2%2Fmedia&parent=584"}],"curies":[{"name":"wp","href":"https:\/\/api.w.org\/{rel}","templated":true}]}}