{"id":889,"date":"2016-07-20T21:21:49","date_gmt":"2016-07-20T21:21:49","guid":{"rendered":"http:\/\/rycenergy.com\/?page_id=889"},"modified":"2018-03-22T23:30:32","modified_gmt":"2018-03-22T23:30:32","slug":"electricos","status":"publish","type":"page","link":"https:\/\/rycenergy.com\/?page_id=889","title":{"rendered":"Dise\u00f1os El\u00e9ctricos"},"content":{"rendered":"<p>&nbsp;<\/p>\n<p><a href=\"http:\/\/rycenergy.com\/wp-content\/uploads\/2017\/02\/planos-y-disenos-electricos.jpg\"><img loading=\"lazy\" decoding=\"async\" class=\" wp-image-1196 aligncenter\" src=\"http:\/\/rycenergy.com\/wp-content\/uploads\/2017\/02\/planos-y-disenos-electricos-300x147.jpg\" alt=\"\" width=\"361\" height=\"177\" srcset=\"https:\/\/rycenergy.com\/wp-content\/uploads\/2017\/02\/planos-y-disenos-electricos-300x147.jpg 300w, https:\/\/rycenergy.com\/wp-content\/uploads\/2017\/02\/planos-y-disenos-electricos-768x375.jpg 768w, https:\/\/rycenergy.com\/wp-content\/uploads\/2017\/02\/planos-y-disenos-electricos-1024x500.jpg 1024w, https:\/\/rycenergy.com\/wp-content\/uploads\/2017\/02\/planos-y-disenos-electricos.jpg 1600w\" sizes=\"auto, (max-width: 361px) 100vw, 361px\" \/><\/a><\/p>\n<h5><strong>Residencial<\/strong><\/h5>\n<h5>Dise\u00f1o para viviendas familiares y multifamiliares (PH). tiene como objetivo una red el\u00e9ctrica interna, confiable y funcional, basada en las normas actuales vigentes NTC-2050, RETIE y RETILAP. Buscamos integrar la energ\u00eda e iluminaci\u00f3n Solar en nuestros proyectos.<\/h5>\n<h5><strong>Comercial e Institucional<\/strong><\/h5>\n<h5>En R&amp;C satisfacemos las necesidades y exigencias de nuestros clientes, cumpliendo con la normatividad actual y aprovechando la tecnolog\u00eda disponible.<\/h5>\n<h5><strong>Industrial<\/strong><\/h5>\n<h5>Ofrecemos dise\u00f1os basados en Ingenier\u00eda b\u00e1sica y de detalle acorde a sus necesidades; hasta dise\u00f1os m\u00e1s complejos que brindan soluciones completas, integrando las diferentes \u00e1reas de la Ingenirria;\u00a0 el\u00e9ctrica, mec\u00e1nica y de telecomunicaciones<\/h5>\n<h5><strong>Tramites y Certificados<\/strong><\/h5>\n<h5>Para viviendas familiares y multifamiliares, centros comerciales, institucionales e industria se debe presentar una solicitud al operador de red, cumpliendo los par\u00e1metros exigidos por el mismo. Tambi\u00e9n se realizan tr\u00e1mites de legalizaci\u00f3n de medidores para todo tipo de instalaci\u00f3nes, factibilidad del servicio y puntos de conexi\u00f3n, por eso en R&amp;C prestamos la asesor\u00eda y el acompa\u00f1amiento para la obtenci\u00f3n de estos permisos y licencias antes los diferentes entes p\u00fablicos y gubernamentales.<\/h5>\n<h5><strong>RETIE y RETILAP<\/strong><\/h5>\n<h5>Las instalaciones el\u00e9ctricas que aplique RETIE y RETILAP seg\u00fan sea el caso de dise\u00f1o Simplificado o Detallado. R&amp;C est\u00e1 presente durante el proceso de certificaci\u00f3n.<\/h5>\n<h5><span style=\"color: #008000;\"><strong>Gesti\u00f3n Energ\u00e9tica*<\/strong><\/span><\/h5>\n<h5>Contamos con personal calificado en implementacion de URE (Uso Racional de Energ\u00eda), por eso nuestros dise\u00f1os siempre ser\u00e1n enfocados al ahorro de energ\u00eda, utilizando todo nuestro conocimiento y la tecnolog\u00eda disponible para ello.<\/h5>\n","protected":false},"excerpt":{"rendered":"<p>&nbsp; Residencial Dise\u00f1o para viviendas familiares y multifamiliares (PH). tiene como objetivo una red el\u00e9ctrica interna, confiable y funcional, basada en las normas actuales vigentes NTC-2050, RETIE y RETILAP. Buscamos integrar la energ\u00eda e iluminaci\u00f3n Solar en nuestros proyectos. Comercial e Institucional En R&amp;C satisfacemos las necesidades y exigencias de nuestros clientes, cumpliendo con la<\/p>\n<p><a href=\"https:\/\/rycenergy.com\/?page_id=889\" class=\"more-link themebutton\">Leer m\u00e1s<\/a><\/p>\n","protected":false},"author":1,"featured_media":0,"parent":0,"menu_order":0,"comment_status":"closed","ping_status":"closed","template":"","meta":{"footnotes":""},"class_list":["post-889","page","type-page","status-publish","hentry"],"_links":{"self":[{"href":"https:\/\/rycenergy.com\/index.php?rest_route=\/wp\/v2\/pages\/889","targetHints":{"allow":["GET"]}}],"collection":[{"href":"https:\/\/rycenergy.com\/index.php?rest_route=\/wp\/v2\/pages"}],"about":[{"href":"https:\/\/rycenergy.com\/index.php?rest_route=\/wp\/v2\/types\/page"}],"author":[{"embeddable":true,"href":"https:\/\/rycenergy.com\/index.php?rest_route=\/wp\/v2\/users\/1"}],"replies":[{"embeddable":true,"href":"https:\/\/rycenergy.com\/index.php?rest_route=%2Fwp%2Fv2%2Fcomments&post=889"}],"version-history":[{"count":11,"href":"https:\/\/rycenergy.com\/index.php?rest_route=\/wp\/v2\/pages\/889\/revisions"}],"predecessor-version":[{"id":1348,"href":"https:\/\/rycenergy.com\/index.php?rest_route=\/wp\/v2\/pages\/889\/revisions\/1348"}],"wp:attachment":[{"href":"https:\/\/rycenergy.com\/index.php?rest_route=%2Fwp%2Fv2%2Fmedia&parent=889"}],"curies":[{"name":"wp","href":"https:\/\/api.w.org\/{rel}","templated":true}]}}