{"id":891,"date":"2016-07-20T21:22:35","date_gmt":"2016-07-20T21:22:35","guid":{"rendered":"http:\/\/rycenergy.com\/?page_id=891"},"modified":"2017-02-15T23:12:17","modified_gmt":"2017-02-15T23:12:17","slug":"contra-incendios","status":"publish","type":"page","link":"https:\/\/rycenergy.com\/?page_id=891","title":{"rendered":"Dise\u00f1os Contra Incendios"},"content":{"rendered":"<p><a href=\"http:\/\/rycenergy.com\/wp-content\/uploads\/2016\/07\/sistema-incendios-quindiaguas.jpg\"><img loading=\"lazy\" decoding=\"async\" class=\" wp-image-1039 aligncenter\" src=\"http:\/\/rycenergy.com\/wp-content\/uploads\/2016\/07\/sistema-incendios-quindiaguas-300x221.jpg\" alt=\"sistema-incendios-quindiaguas\" width=\"375\" height=\"276\" srcset=\"https:\/\/rycenergy.com\/wp-content\/uploads\/2016\/07\/sistema-incendios-quindiaguas-300x221.jpg 300w, https:\/\/rycenergy.com\/wp-content\/uploads\/2016\/07\/sistema-incendios-quindiaguas.jpg 400w\" sizes=\"auto, (max-width: 375px) 100vw, 375px\" \/><\/a><\/p>\n<h4><strong>Residencial, Comercial, Institucional\u00a0 e Industrial<\/strong><\/h4>\n<h5 style=\"text-align: justify;\">El dise\u00f1o de redes Contra Incendio tiene como objetivo imperativo cumplir con los requerimientos m\u00ednimos de protecci\u00f3n y extinci\u00f3n de Incendios, dependiendo del grupo de uso en el que se\u00a0 clasifique a la Construcci\u00f3n, Dise\u00f1amos cumpliendo las normas actuales vigentes de la NFPA, NSR y la NTC, para redes\u00a0 HUMEDA \/ SECA. Los sistemas contra incendios son un conjunto de medidas que se disponen en las edificaciones para protegerlas contra la acci\u00f3n del fuego facilitando el control y la evacuaci\u00f3n de la Construcci\u00f3n.<\/h5>\n","protected":false},"excerpt":{"rendered":"<p>Residencial, Comercial, Institucional\u00a0 e Industrial El dise\u00f1o de redes Contra Incendio tiene como objetivo imperativo cumplir con los requerimientos m\u00ednimos de protecci\u00f3n y extinci\u00f3n de Incendios, dependiendo del grupo de uso en el que se\u00a0 clasifique a la Construcci\u00f3n, Dise\u00f1amos cumpliendo las normas actuales vigentes de la NFPA, NSR y la NTC, para redes\u00a0 HUMEDA<\/p>\n<p><a href=\"https:\/\/rycenergy.com\/?page_id=891\" class=\"more-link themebutton\">Leer m\u00e1s<\/a><\/p>\n","protected":false},"author":1,"featured_media":0,"parent":0,"menu_order":0,"comment_status":"closed","ping_status":"closed","template":"","meta":{"footnotes":""},"class_list":["post-891","page","type-page","status-publish","hentry"],"_links":{"self":[{"href":"https:\/\/rycenergy.com\/index.php?rest_route=\/wp\/v2\/pages\/891","targetHints":{"allow":["GET"]}}],"collection":[{"href":"https:\/\/rycenergy.com\/index.php?rest_route=\/wp\/v2\/pages"}],"about":[{"href":"https:\/\/rycenergy.com\/index.php?rest_route=\/wp\/v2\/types\/page"}],"author":[{"embeddable":true,"href":"https:\/\/rycenergy.com\/index.php?rest_route=\/wp\/v2\/users\/1"}],"replies":[{"embeddable":true,"href":"https:\/\/rycenergy.com\/index.php?rest_route=%2Fwp%2Fv2%2Fcomments&post=891"}],"version-history":[{"count":12,"href":"https:\/\/rycenergy.com\/index.php?rest_route=\/wp\/v2\/pages\/891\/revisions"}],"predecessor-version":[{"id":1236,"href":"https:\/\/rycenergy.com\/index.php?rest_route=\/wp\/v2\/pages\/891\/revisions\/1236"}],"wp:attachment":[{"href":"https:\/\/rycenergy.com\/index.php?rest_route=%2Fwp%2Fv2%2Fmedia&parent=891"}],"curies":[{"name":"wp","href":"https:\/\/api.w.org\/{rel}","templated":true}]}}