{"id":898,"date":"2016-07-20T21:29:38","date_gmt":"2016-07-20T21:29:38","guid":{"rendered":"http:\/\/rycenergy.com\/?page_id=898"},"modified":"2017-02-15T23:42:06","modified_gmt":"2017-02-15T23:42:06","slug":"electricas","status":"publish","type":"page","link":"https:\/\/rycenergy.com\/?page_id=898","title":{"rendered":"Instalaciones El\u00e9ctricas"},"content":{"rendered":"<p>&nbsp;<\/p>\n<p><a href=\"http:\/\/rycenergy.com\/wp-content\/uploads\/2015\/02\/instalaciones_electricas.png\"><img loading=\"lazy\" decoding=\"async\" class=\" wp-image-1225 aligncenter\" src=\"http:\/\/rycenergy.com\/wp-content\/uploads\/2015\/02\/instalaciones_electricas-300x127.png\" alt=\"\" width=\"440\" height=\"186\" srcset=\"https:\/\/rycenergy.com\/wp-content\/uploads\/2015\/02\/instalaciones_electricas-300x127.png 300w, https:\/\/rycenergy.com\/wp-content\/uploads\/2015\/02\/instalaciones_electricas-768x326.png 768w, https:\/\/rycenergy.com\/wp-content\/uploads\/2015\/02\/instalaciones_electricas-1024x435.png 1024w, https:\/\/rycenergy.com\/wp-content\/uploads\/2015\/02\/instalaciones_electricas.png 1059w\" sizes=\"auto, (max-width: 440px) 100vw, 440px\" \/><\/a><\/p>\n<h5 style=\"text-align: justify;\">Est\u00e1n destinadas al <span style=\"color: #008000;\">uso eficiente de la energ\u00eda el\u00e9ctrica<\/span> dentro de las edificaciones, las realizamos baja las normas que rigen al sector el\u00e9ctrico en Colombia como lo es el RETIE y la norma NTC 2050 o c\u00f3digo el\u00e9ctrico Colombiano. Cuando se cumple con esto se evitan y disminuyen los riesgos el\u00e9ctricos. Contamos con personal id\u00f3neo y capacitado para realizar las instalaciones el\u00e9ctricas siguiendo las especificaciones de dise\u00f1o y de construcci\u00f3n.<\/h5>\n<h5 style=\"text-align: justify;\">Utilizamos materiales de alta calidad para cumplir los requisitos y recomendaciones de los c\u00f3digos de norma el\u00e9ctrica para la tuber\u00eda, cableado, accesorios, breakers, medidores, iluminaci\u00f3n, tableros certificados y aparatos el\u00e9ctricos todos para cumplir con la normativa RETIE Y RETILAB.<\/h5>\n","protected":false},"excerpt":{"rendered":"<p>&nbsp; Est\u00e1n destinadas al uso eficiente de la energ\u00eda el\u00e9ctrica dentro de las edificaciones, las realizamos baja las normas que rigen al sector el\u00e9ctrico en Colombia como lo es el RETIE y la norma NTC 2050 o c\u00f3digo el\u00e9ctrico Colombiano. Cuando se cumple con esto se evitan y disminuyen los riesgos el\u00e9ctricos. Contamos con personal<\/p>\n<p><a href=\"https:\/\/rycenergy.com\/?page_id=898\" class=\"more-link themebutton\">Leer m\u00e1s<\/a><\/p>\n","protected":false},"author":1,"featured_media":0,"parent":0,"menu_order":0,"comment_status":"closed","ping_status":"closed","template":"","meta":{"footnotes":""},"class_list":["post-898","page","type-page","status-publish","hentry"],"_links":{"self":[{"href":"https:\/\/rycenergy.com\/index.php?rest_route=\/wp\/v2\/pages\/898","targetHints":{"allow":["GET"]}}],"collection":[{"href":"https:\/\/rycenergy.com\/index.php?rest_route=\/wp\/v2\/pages"}],"about":[{"href":"https:\/\/rycenergy.com\/index.php?rest_route=\/wp\/v2\/types\/page"}],"author":[{"embeddable":true,"href":"https:\/\/rycenergy.com\/index.php?rest_route=\/wp\/v2\/users\/1"}],"replies":[{"embeddable":true,"href":"https:\/\/rycenergy.com\/index.php?rest_route=%2Fwp%2Fv2%2Fcomments&post=898"}],"version-history":[{"count":8,"href":"https:\/\/rycenergy.com\/index.php?rest_route=\/wp\/v2\/pages\/898\/revisions"}],"predecessor-version":[{"id":1089,"href":"https:\/\/rycenergy.com\/index.php?rest_route=\/wp\/v2\/pages\/898\/revisions\/1089"}],"wp:attachment":[{"href":"https:\/\/rycenergy.com\/index.php?rest_route=%2Fwp%2Fv2%2Fmedia&parent=898"}],"curies":[{"name":"wp","href":"https:\/\/api.w.org\/{rel}","templated":true}]}}