{"id":900,"date":"2016-07-20T21:30:07","date_gmt":"2016-07-20T21:30:07","guid":{"rendered":"http:\/\/rycenergy.com\/?page_id=900"},"modified":"2017-02-15T23:43:48","modified_gmt":"2017-02-15T23:43:48","slug":"instalaciones-contra-incendios","status":"publish","type":"page","link":"https:\/\/rycenergy.com\/?page_id=900","title":{"rendered":"Instalaciones Contra Incendios"},"content":{"rendered":"<h5><\/h5>\n<h5 style=\"text-align: justify;\"><a href=\"http:\/\/rycenergy.com\/wp-content\/uploads\/2017\/02\/sistema-incendios-quindiaguas.jpg\"><img loading=\"lazy\" decoding=\"async\" class=\" wp-image-1181 aligncenter\" src=\"http:\/\/rycenergy.com\/wp-content\/uploads\/2017\/02\/sistema-incendios-quindiaguas-300x221.jpg\" alt=\"\" width=\"330\" height=\"243\" srcset=\"https:\/\/rycenergy.com\/wp-content\/uploads\/2017\/02\/sistema-incendios-quindiaguas-300x221.jpg 300w, https:\/\/rycenergy.com\/wp-content\/uploads\/2017\/02\/sistema-incendios-quindiaguas.jpg 400w\" sizes=\"auto, (max-width: 330px) 100vw, 330px\" \/><\/a><\/h5>\n<h5 style=\"text-align: justify;\">Est\u00e1n destinadas para la protecci\u00f3n en primer lugar de la vida, las redes contraincendios las realizamos bajo normas del sector en Colombia como lo es la NSR-10 y norma internacional NFPA cumpliendo los c\u00f3digos seg\u00fan el proyecto. Contamos con personal id\u00f3neo y capacitado para realizar las instalaciones de red contraincendio siguiendo las especificaciones de dise\u00f1o y de construcci\u00f3n.<\/h5>\n<h5>Utilizamos materiales certificados y de alta calidad para la tuber\u00eda, accesorios y equipos.<\/h5>\n<p>&nbsp;<\/p>\n<p><a href=\"http:\/\/rycenergy.com\/wp-content\/uploads\/2016\/07\/Instalaciones_contra_incendios.jpg\"><img loading=\"lazy\" decoding=\"async\" class=\" wp-image-1094 aligncenter\" src=\"http:\/\/rycenergy.com\/wp-content\/uploads\/2016\/07\/Instalaciones_contra_incendios-300x225.jpg\" alt=\"instalaciones_contra_incendios\" width=\"359\" height=\"269\" srcset=\"https:\/\/rycenergy.com\/wp-content\/uploads\/2016\/07\/Instalaciones_contra_incendios-300x225.jpg 300w, https:\/\/rycenergy.com\/wp-content\/uploads\/2016\/07\/Instalaciones_contra_incendios-768x576.jpg 768w, https:\/\/rycenergy.com\/wp-content\/uploads\/2016\/07\/Instalaciones_contra_incendios.jpg 1024w, https:\/\/rycenergy.com\/wp-content\/uploads\/2016\/07\/Instalaciones_contra_incendios-960x720.jpg 960w, https:\/\/rycenergy.com\/wp-content\/uploads\/2016\/07\/Instalaciones_contra_incendios-480x360.jpg 480w, https:\/\/rycenergy.com\/wp-content\/uploads\/2016\/07\/Instalaciones_contra_incendios-320x240.jpg 320w, https:\/\/rycenergy.com\/wp-content\/uploads\/2016\/07\/Instalaciones_contra_incendios-240x180.jpg 240w\" sizes=\"auto, (max-width: 359px) 100vw, 359px\" \/><\/a><\/p>\n<p>&nbsp;<\/p>\n<h5>Manejamos las principales marcas nacionales y tambien equipos importados con certificaci\u00f3n (listados) UL-FM<\/h5>\n","protected":false},"excerpt":{"rendered":"<p>Est\u00e1n destinadas para la protecci\u00f3n en primer lugar de la vida, las redes contraincendios las realizamos bajo normas del sector en Colombia como lo es la NSR-10 y norma internacional NFPA cumpliendo los c\u00f3digos seg\u00fan el proyecto. Contamos con personal id\u00f3neo y capacitado para realizar las instalaciones de red contraincendio siguiendo las especificaciones de dise\u00f1o<\/p>\n<p><a href=\"https:\/\/rycenergy.com\/?page_id=900\" class=\"more-link themebutton\">Leer m\u00e1s<\/a><\/p>\n","protected":false},"author":1,"featured_media":0,"parent":0,"menu_order":0,"comment_status":"closed","ping_status":"closed","template":"","meta":{"footnotes":""},"class_list":["post-900","page","type-page","status-publish","hentry"],"_links":{"self":[{"href":"https:\/\/rycenergy.com\/index.php?rest_route=\/wp\/v2\/pages\/900","targetHints":{"allow":["GET"]}}],"collection":[{"href":"https:\/\/rycenergy.com\/index.php?rest_route=\/wp\/v2\/pages"}],"about":[{"href":"https:\/\/rycenergy.com\/index.php?rest_route=\/wp\/v2\/types\/page"}],"author":[{"embeddable":true,"href":"https:\/\/rycenergy.com\/index.php?rest_route=\/wp\/v2\/users\/1"}],"replies":[{"embeddable":true,"href":"https:\/\/rycenergy.com\/index.php?rest_route=%2Fwp%2Fv2%2Fcomments&post=900"}],"version-history":[{"count":9,"href":"https:\/\/rycenergy.com\/index.php?rest_route=\/wp\/v2\/pages\/900\/revisions"}],"predecessor-version":[{"id":1257,"href":"https:\/\/rycenergy.com\/index.php?rest_route=\/wp\/v2\/pages\/900\/revisions\/1257"}],"wp:attachment":[{"href":"https:\/\/rycenergy.com\/index.php?rest_route=%2Fwp%2Fv2%2Fmedia&parent=900"}],"curies":[{"name":"wp","href":"https:\/\/api.w.org\/{rel}","templated":true}]}}